{"id":11516,"date":"2015-08-14T09:35:41","date_gmt":"2015-08-14T07:35:41","guid":{"rendered":"http:\/\/ct-chemie.ch\/fr\/produits\/tableau-des-taches\/"},"modified":"2022-11-22T10:45:52","modified_gmt":"2022-11-22T09:45:52","slug":"tableau-des-taches","status":"publish","type":"page","link":"https:\/\/www.ct-chemie.ch\/fr\/produits\/tableau-des-taches\/","title":{"rendered":"Tableau des taches"},"content":{"rendered":"<p>Les salissures ci-dessous peux \u00e9liminer avec les produits suivants. Quelques taches disparaissent compl\u00e8tement apr\u00e8s une seule utilisation des produits sp\u00e9cials, toutefois certaines peuvent r\u00e9sister \u00e0 plusieurs applications et laisser quelques traces. Veuillez observer le mode d\u2018emploi et contr\u00f4ler si le produit utilis\u00e9 est adapt\u00e9 au support. En cas de doute, realisez un essai sur une zone discr\u00e8te.<\/p>\n<table style=\"height: 302px;\" width=\"976\">\n<thead>\n<tr style=\"height: 25px;\">\n<td style=\"height: 25px;\"><strong>Probl\u00e8me<\/strong><\/td>\n<td style=\"height: 25px;\"><strong>Produit<\/strong><\/td>\n<\/tr>\n<\/thead>\n<tbody>\n<tr style=\"height: 25px;\">\n<td style=\"height: 25px;\">Acides, tache sur marbre polie<\/td>\n<td style=\"height: 25px;\"><a href=\"http:\/\/ct-chemie.ch\/fr\/produits\/hmk-m529\/\">HMK\u00ae M529<\/a><\/td>\n<\/tr>\n<tr style=\"height: 25px;\">\n<td style=\"height: 25px;\">D\u00e9coloration organique, vert<\/td>\n<td style=\"height: 25px;\"><a href=\"https:\/\/www.ct-chemie.ch\/fr\/produkt\/hmk-r197\/\">HMK\u00ae R197<\/a><\/td>\n<\/tr>\n<tr style=\"height: 74px;\">\n<td style=\"height: 74px;\">R\u00e9sidus de silicone<\/td>\n<td style=\"height: 74px;\">\n<p><a href=\"https:\/\/www.ct-chemie.ch\/fr\/produkt\/cete-sili-ex\/\">CeTe Sili-EX<\/a><\/p>\n<p><a href=\"https:\/\/www.ct-chemie.ch\/fr\/produkt\/cete-power-cleaner\/\">CeTe Power-Cleaner<\/a><\/td>\n<\/tr>\n<tr style=\"height: 25px;\">\n<td style=\"height: 25px;\">Asphalte<\/td>\n<td style=\"height: 25px;\"><a href=\"http:\/\/ct-chemie.ch\/fr\/produits\/hmk-r154\/\">HMK\u00ae R154<\/a><\/td>\n<\/tr>\n<tr style=\"height: 25px;\">\n<td style=\"height: 25px;\">Beurre<\/td>\n<td style=\"height: 25px;\"><a href=\"http:\/\/ct-chemie.ch\/fr\/produits\/hmk-r152-2\/hmk-r152-2\/\">HMK\u00ae R152<\/a><\/td>\n<\/tr>\n<tr style=\"height: 25px;\">\n<td style=\"height: 25px;\">Bitume<\/td>\n<td style=\"height: 25px;\"><a href=\"http:\/\/ct-chemie.ch\/fr\/produits\/hmk-r154\/\">HMK\u00ae R154<\/a><\/td>\n<\/tr>\n<tr style=\"height: 74px;\">\n<td style=\"height: 74px;\">Caf\u00e9<\/td>\n<td style=\"height: 74px;\">\n<p><a href=\"http:\/\/ct-chemie.ch\/fr\/produits\/hmk-r160\/\">HMK\u00ae R160<\/a><\/p>\n<p><a href=\"https:\/\/www.ct-chemie.ch\/fr\/produkt\/hmk-r195\/\">HMK\u00ae R195<\/a><\/td>\n<\/tr>\n<tr style=\"height: 74px;\">\n<td style=\"height: 74px;\">Calcaires, Chaux<\/td>\n<td style=\"height: 74px;\">\n<p><a href=\"http:\/\/ct-chemie.ch\/fr\/produits\/hmk-r158\/\">HMK\u00ae R158<\/a>*<\/p>\n<p><a href=\"http:\/\/ct-chemie.ch\/fr\/produits\/hmk-r159\/\">HMK\u00ae R159<\/a>*<\/td>\n<\/tr>\n<tr style=\"height: 122px;\">\n<td style=\"height: 122px;\">Voile de ciment<\/td>\n<td style=\"height: 122px;\">\n<p><a href=\"http:\/\/ct-chemie.ch\/fr\/produits\/hmk-r159\/\">HMK\u00ae R159<\/a>*<\/p>\n<p><a href=\"http:\/\/ct-chemie.ch\/fr\/produits\/hmk-r183\/\">HMK\u00ae R183<\/a>*<\/p>\n<p><a href=\"http:\/\/ct-chemie.ch\/fr\/produits\/hmk-r163\/\">HMK\u00ae R163<\/a>*<\/td>\n<\/tr>\n<tr style=\"height: 25px;\">\n<td style=\"height: 25px;\">Cires, fluorsilicate<\/td>\n<td style=\"height: 25px;\"><a href=\"http:\/\/ct-chemie.ch\/fr\/produits\/hmk-r154\/\">HMK\u00ae R154<\/a><\/td>\n<\/tr>\n<tr style=\"height: 25px;\">\n<td style=\"height: 25px;\">(tache de) Cires<\/td>\n<td style=\"height: 25px;\"><a href=\"http:\/\/ct-chemie.ch\/fr\/produits\/hmk-r152-2\/hmk-r152-2\/\">HMK\u00ae R152<\/a><\/td>\n<\/tr>\n<tr style=\"height: 25px;\">\n<td style=\"height: 25px;\">Cires pour terres cuites<\/td>\n<td style=\"height: 25px;\"><a href=\"http:\/\/ct-chemie.ch\/fr\/produits\/hmk-r154\/\">HMK\u00ae R154<\/a><\/td>\n<\/tr>\n<tr style=\"height: 74px;\">\n<td style=\"height: 74px;\">Colle<\/td>\n<td style=\"height: 74px;\">\n<p><a href=\"http:\/\/ct-chemie.ch\/fr\/produits\/hmk-r154\/\">HMK\u00ae R154<\/a><\/p>\n<p><a href=\"https:\/\/www.ct-chemie.ch\/fr\/produkt\/ceteclean-color-net\/\">CeTeClean\u00ae Color-Net<\/a><\/td>\n<\/tr>\n<tr style=\"height: 74px;\">\n<td style=\"height: 74px;\">Colle \u00e0 moquette<\/td>\n<td style=\"height: 74px;\">\n<p><a href=\"http:\/\/ct-chemie.ch\/fr\/produits\/hmk-r154\/\">HMK\u00ae R154<\/a><\/p>\n<p><a href=\"https:\/\/www.ct-chemie.ch\/fr\/produkt\/ceteclean-color-net\/\">CeTeClean\u00ae Color-Net<\/a><\/td>\n<\/tr>\n<tr style=\"height: 74px;\">\n<td style=\"height: 74px;\">Crayon feutre<\/td>\n<td style=\"height: 74px;\">\n<p><a href=\"http:\/\/ct-chemie.ch\/fr\/produits\/hmk-r160\/\">HMK\u00ae R160<\/a><\/p>\n<p><a href=\"https:\/\/www.ct-chemie.ch\/fr\/produkt\/hmk-r195\/\">HMK\u00ae R195<\/a><\/td>\n<\/tr>\n<tr style=\"height: 25px;\">\n<td style=\"height: 25px;\">Encre de tampons<\/td>\n<td style=\"height: 25px;\"><a href=\"http:\/\/ct-chemie.ch\/fr\/produits\/hmk-r154\/\">HMK\u00ae R154<\/a><\/td>\n<\/tr>\n<tr style=\"height: 25px;\">\n<td style=\"height: 25px;\">Feuilles mortes<\/td>\n<td style=\"height: 25px;\"><a href=\"https:\/\/www.ct-chemie.ch\/fr\/produkt\/hmk-r195\/\">HMK\u00ae R195<\/a><\/td>\n<\/tr>\n<tr style=\"height: 25px;\">\n<td style=\"height: 25px;\">Taches de fleurs<\/td>\n<td style=\"height: 25px;\"><a href=\"https:\/\/www.ct-chemie.ch\/fr\/produkt\/hmk-r195\/\">HMK\u00ae R195<\/a><\/td>\n<\/tr>\n<tr style=\"height: 25px;\">\n<td style=\"height: 25px;\">Fruits<\/td>\n<td style=\"height: 25px;\"><a href=\"https:\/\/www.ct-chemie.ch\/fr\/produkt\/hmk-r195\/\">HMK\u00ae R195<\/a><\/td>\n<\/tr>\n<tr style=\"height: 25px;\">\n<td style=\"height: 25px;\">Goudron<\/td>\n<td style=\"height: 25px;\"><a href=\"http:\/\/ct-chemie.ch\/fr\/produits\/hmk-r154\/\">HMK\u00ae R154<\/a><\/td>\n<\/tr>\n<tr style=\"height: 25px;\">\n<td style=\"height: 25px;\">Graisse<\/td>\n<td style=\"height: 25px;\"><a href=\"http:\/\/ct-chemie.ch\/fr\/produits\/hmk-r152-2\/hmk-r152-2\/\">HMK\u00ae R152<\/a><\/td>\n<\/tr>\n<tr style=\"height: 25px;\">\n<td style=\"height: 25px;\">Taches d\u2018herbes<\/td>\n<td style=\"height: 25px;\"><a href=\"https:\/\/www.ct-chemie.ch\/fr\/produkt\/hmk-r195\/\">HMK\u00ae R195<\/a><\/td>\n<\/tr>\n<tr style=\"height: 25px;\">\n<td style=\"height: 25px;\">Taches d\u2018huile<\/td>\n<td style=\"height: 25px;\"><a href=\"http:\/\/ct-chemie.ch\/fr\/produits\/hmk-r152-2\/hmk-r152-2\/\">HMK\u00ae R152<\/a><\/td>\n<\/tr>\n<tr style=\"height: 25px;\">\n<td style=\"height: 25px;\">Impr\u00e9gnations<\/td>\n<td style=\"height: 25px;\"><a href=\"http:\/\/ct-chemie.ch\/fr\/produits\/hmk-r154\/\">HMK\u00ae R154<\/a><\/td>\n<\/tr>\n<tr style=\"height: 74px;\">\n<td style=\"height: 74px;\">Laque synth\u00e9tique<\/td>\n<td style=\"height: 74px;\">\n<p><a href=\"http:\/\/ct-chemie.ch\/fr\/produits\/hmk-r154\/\">HMK\u00ae R154<\/a><\/p>\n<p><a href=\"https:\/\/www.ct-chemie.ch\/fr\/produkt\/ceteclean-color-net\/\">CeTeClean\u00ae Color-Net<\/a><\/td>\n<\/tr>\n<tr style=\"height: 74px;\">\n<td style=\"height: 74px;\">Moisissure<\/td>\n<td style=\"height: 74px;\">\n<p><a href=\"http:\/\/ct-chemie.ch\/fr\/produits\/hmk-r160\/\">HMK\u00ae R160<\/a><\/p>\n<p><a href=\"https:\/\/www.ct-chemie.ch\/fr\/produkt\/hmk-r195\/\">HMK\u00ae R195<\/a><\/td>\n<\/tr>\n<tr style=\"height: 74px;\">\n<td style=\"height: 74px;\">Residu du mortier<\/td>\n<td style=\"height: 74px;\">\n<p><a href=\"http:\/\/ct-chemie.ch\/fr\/produits\/hmk-r183\/\">HMK\u00ae R183<\/a>*<\/p>\n<p><a href=\"http:\/\/ct-chemie.ch\/fr\/produits\/hmk-r163\/\">HMK\u00ae R163<\/a>*<\/td>\n<\/tr>\n<tr style=\"height: 25px;\">\n<td style=\"height: 25px;\">Mousse<\/td>\n<td style=\"height: 25px;\"><a href=\"http:\/\/ct-chemie.ch\/fr\/produits\/hmk-r160\/\">HMK\u00ae R160<\/a><\/td>\n<\/tr>\n<tr style=\"height: 25px;\">\n<td style=\"height: 25px;\">Nicotine<\/td>\n<td style=\"height: 25px;\"><a href=\"http:\/\/ct-chemie.ch\/fr\/produits\/hmk-r155\/\">HMK\u00ae R155<\/a><\/td>\n<\/tr>\n<tr style=\"height: 74px;\">\n<td style=\"height: 74px;\">Peintures de dispersion<\/td>\n<td style=\"height: 74px;\">\n<p><a href=\"http:\/\/ct-chemie.ch\/fr\/produits\/hmk-r155\/\">HMK\u00ae R155<\/a><\/p>\n<p><a href=\"https:\/\/www.ct-chemie.ch\/fr\/produkt\/ceteclean-color-net\/\">CeTeClean\u00ae Color-Net<\/a><\/td>\n<\/tr>\n<tr style=\"height: 25px;\">\n<td style=\"height: 25px;\">R\u00e9sine<\/td>\n<td style=\"height: 25px;\"><a href=\"http:\/\/ct-chemie.ch\/fr\/produits\/hmk-r154\/\">HMK\u00ae R154<\/a><\/td>\n<\/tr>\n<tr style=\"height: 25px;\">\n<td style=\"height: 25px;\">Rouille \/ domaines sanitaires<\/td>\n<td style=\"height: 25px;\"><a href=\"http:\/\/ct-chemie.ch\/fr\/produits\/hmk-r159\/\">HMK\u00ae R159<\/a>*<\/td>\n<\/tr>\n<tr style=\"height: 25px;\">\n<td style=\"height: 25px;\">Rouille sur pierre tendre<\/td>\n<td style=\"height: 25px;\"><a href=\"http:\/\/ct-chemie.ch\/fr\/produits\/hmk-r179\/\">HMK\u00ae R179<\/a><\/td>\n<\/tr>\n<tr style=\"height: 25px;\">\n<td style=\"height: 25px;\">Rouille sur les pierres<\/td>\n<td style=\"height: 25px;\"><a href=\"http:\/\/ct-chemie.ch\/fr\/produits\/hmk-r175\/\">HMK\u00ae R175<\/a>*<\/td>\n<\/tr>\n<tr style=\"height: 25px;\">\n<td style=\"height: 25px;\">Rouille dans les pierres<\/td>\n<td style=\"height: 25px;\"><a href=\"http:\/\/ct-chemie.ch\/fr\/produits\/hmk-r777\/\">HMK\u00ae R777*<\/a><\/td>\n<\/tr>\n<tr style=\"height: 25px;\">\n<td style=\"height: 25px;\">Sang<\/td>\n<td style=\"height: 25px;\"><a href=\"http:\/\/ct-chemie.ch\/fr\/produits\/hmk-r155\/\">HMK\u00ae R155<\/a><\/td>\n<\/tr>\n<tr style=\"height: 25px;\">\n<td style=\"height: 25px;\">Suie<\/td>\n<td style=\"height: 25px;\"><a href=\"http:\/\/ct-chemie.ch\/fr\/produits\/hmk-r155\/\">HMK\u00ae R155<\/a><\/td>\n<\/tr>\n<tr style=\"height: 25px;\">\n<td style=\"height: 25px;\">Suies grasses<\/td>\n<td style=\"height: 25px;\"><a href=\"http:\/\/ct-chemie.ch\/fr\/produits\/hmk-r767\/\">HMK\u00ae R767<\/a>*<\/td>\n<\/tr>\n<tr style=\"height: 74px;\">\n<td style=\"height: 74px;\">Traces d\u2018effloresences<\/td>\n<td style=\"height: 74px;\">\n<p><a href=\"http:\/\/ct-chemie.ch\/fr\/produits\/hmk-r165\/\">HMK\u00ae R165<\/a>*<\/p>\n<p><a href=\"http:\/\/ct-chemie.ch\/fr\/produits\/hmk-r175\/\">HMK\u00ae R175<\/a>*<\/td>\n<\/tr>\n<tr style=\"height: 25px;\">\n<td style=\"height: 25px;\">Traces d\u2018humidit\u00e9s<\/td>\n<td style=\"height: 25px;\"><a href=\"http:\/\/ct-chemie.ch\/fr\/produits\/hmk-r160\/\">HMK\u00ae R160<\/a><\/td>\n<\/tr>\n<tr style=\"height: 25px;\">\n<td style=\"height: 25px;\">Trait du m\u00e9tal<\/td>\n<td style=\"height: 25px;\"><a href=\"http:\/\/ct-chemie.ch\/fr\/produits\/hmk-r159\/\">HMK\u00ae R159<\/a>*<\/td>\n<\/tr>\n<tr style=\"height: 25px;\">\n<td style=\"height: 25px;\">Urine, d\u2018incrustation<\/td>\n<td style=\"height: 25px;\"><a href=\"http:\/\/ct-chemie.ch\/fr\/produits\/hmk-r159\/\">HMK\u00ae R159<\/a>*<\/td>\n<\/tr>\n<tr style=\"height: 74px;\">\n<td style=\"height: 74px;\">Vernis (p. surface)<\/td>\n<td style=\"height: 74px;\">\n<p><a href=\"http:\/\/ct-chemie.ch\/fr\/produits\/hmk-r154\/\">HMK\u00ae R154<\/a><\/p>\n<p><a href=\"http:\/\/ct-chemie.ch\/fr\/produits\/hmk-r799\/\">HMK\u00ae R799<\/a><\/td>\n<\/tr>\n<tr style=\"height: 74px;\">\n<td style=\"height: 74px;\">Vernis \u00e0 ongle<\/td>\n<td style=\"height: 74px;\">\n<p><a href=\"http:\/\/ct-chemie.ch\/fr\/produits\/hmk-r154\/\">HMK\u00ae R154<\/a><\/p>\n<p><a href=\"https:\/\/www.ct-chemie.ch\/fr\/produkt\/ceteclean-color-net\/\">CeTeClean\u00ae Color-Net<\/a><\/td>\n<\/tr>\n<tr style=\"height: 25px;\">\n<td style=\"height: 25px;\">Vert-de-gris<\/td>\n<td style=\"height: 25px;\"><a href=\"http:\/\/ct-chemie.ch\/fr\/produits\/hmk-r159\/\">HMK\u00ae R159<\/a>*<\/td>\n<\/tr>\n<tr style=\"height: 74px;\">\n<td style=\"height: 74px;\">Vin rouge<\/td>\n<td style=\"height: 74px;\">\n<p><a href=\"http:\/\/ct-chemie.ch\/fr\/produits\/hmk-r155\/\">HMK\u00ae R155<\/a><\/p>\n<p><a href=\"http:\/\/ct-chemie.ch\/fr\/produits\/hmk-r160\/\">HMK\u00ae R160<\/a><\/td>\n<\/tr>\n<tr style=\"height: 74px;\">\n<td style=\"height: 74px;\">Vitrification de la pierre<\/td>\n<td style=\"height: 74px;\">\n<p><a href=\"http:\/\/ct-chemie.ch\/fr\/produits\/hmk-r154\/\">HMK\u00ae R154<\/a><\/p>\n<p><a href=\"https:\/\/www.ct-chemie.ch\/fr\/produkt\/ceteclean-color-net\/\">CeTeClean\u00ae Color-Net<\/a><\/td>\n<\/tr>\n<\/tbody>\n<\/table>\n<p>* ne pas utiliser sur des surfaces sensibles aux acides, par ex. certains gla\u00e7ures de decoration, marbres, calcaires, pierres artificielles etc.<br \/>\n** si un silicone inadapt\u00e9 \u00e9tait utiliser, enlever le!<\/p>\n<p>Ces prescriptions ne sont donn\u00e9es qu\u2018\u00e0 titre indicatif. Le metteur en oeuvre doit, selon les diff\u00e9rents cas d\u2018utilisation, proc\u00e9der aux tests et essais n\u00e9cessaires. Nous r\u00e9servons le droit de toute modification d\u00fbe aux progr\u00e8s techniques. Le metteur en oeuvre se doit d\u2018observer toutes les r\u00e9glementations g\u00e9n\u00e9rales et particuli\u00e8res l\u00e9gales ainsi que la protection des tiers.<\/p>\n<p><a href=\"https:\/\/www.ct-chemie.ch\/wp-content\/uploads\/HMK-Fleckentabelle-11.22.pdf\" target=\"_blank\" rel=\"noopener noreferrer\">Tableau des taches<\/a><\/p>\n","protected":false},"excerpt":{"rendered":"<p>Les salissures ci-dessous peux \u00e9liminer avec les produits suivants. Quelques taches disparaissent compl\u00e8tement apr\u00e8s une seule utilisation des produits sp\u00e9cials, toutefois certaines peuvent r\u00e9sister \u00e0 plusieurs applications et laisser quelques [&hellip;]<\/p>\n","protected":false},"author":1,"featured_media":0,"parent":3015,"menu_order":0,"comment_status":"closed","ping_status":"closed","template":"","meta":{"_acf_changed":false,"footnotes":""},"class_list":["post-11516","page","type-page","status-publish","hentry"],"acf":[],"_links":{"self":[{"href":"https:\/\/www.ct-chemie.ch\/fr\/wp-json\/wp\/v2\/pages\/11516","targetHints":{"allow":["GET"]}}],"collection":[{"href":"https:\/\/www.ct-chemie.ch\/fr\/wp-json\/wp\/v2\/pages"}],"about":[{"href":"https:\/\/www.ct-chemie.ch\/fr\/wp-json\/wp\/v2\/types\/page"}],"author":[{"embeddable":true,"href":"https:\/\/www.ct-chemie.ch\/fr\/wp-json\/wp\/v2\/users\/1"}],"replies":[{"embeddable":true,"href":"https:\/\/www.ct-chemie.ch\/fr\/wp-json\/wp\/v2\/comments?post=11516"}],"version-history":[{"count":0,"href":"https:\/\/www.ct-chemie.ch\/fr\/wp-json\/wp\/v2\/pages\/11516\/revisions"}],"up":[{"embeddable":true,"href":"https:\/\/www.ct-chemie.ch\/fr\/wp-json\/wp\/v2\/pages\/3015"}],"wp:attachment":[{"href":"https:\/\/www.ct-chemie.ch\/fr\/wp-json\/wp\/v2\/media?parent=11516"}],"curies":[{"name":"wp","href":"https:\/\/api.w.org\/{rel}","templated":true}]}}