{"id":354,"date":"2015-06-11T07:32:29","date_gmt":"2015-06-11T05:32:29","guid":{"rendered":"http:\/\/ct-chemie.ch\/fr\/history\/"},"modified":"2024-10-02T09:46:28","modified_gmt":"2024-10-02T07:46:28","slug":"history","status":"publish","type":"page","link":"https:\/\/www.ct-chemie.ch\/fr\/a-propos-de-nous\/history\/","title":{"rendered":"History"},"content":{"rendered":"<p><iframe loading=\"lazy\" title=\"Einblick in die CT Chemie GmbH\" width=\"980\" height=\"551\" src=\"https:\/\/www.youtube.com\/embed\/lzvJgpHrZPc?feature=oembed\" frameborder=\"0\" allow=\"accelerometer; autoplay; clipboard-write; encrypted-media; gyroscope; picture-in-picture; web-share\" referrerpolicy=\"strict-origin-when-cross-origin\" allowfullscreen><\/iframe><\/p>\n<p>&nbsp;<\/p>\n<p><strong><em>Le 1<sup>er\u00a0<\/sup>avril 1991<\/em><\/strong><em><br \/>\nJeannine et Markus Gast fondent la maison Gast Natursteinservice avec si\u00e8ge \u00e0 Fraubrunnen.<br \/>\nVente de produits de nettoyage et d\u2019entretien de pierre naturelle, c\u00e9ramique, gr\u00e8s c\u00e9rame et terre cuite, ainsi qu\u2019ex\u00e9cution de travaux de nettoyage et d\u2019impr\u00e9gnation. <\/em><\/p>\n<p><strong><em>En 1993<\/em><\/strong><em><br \/>\nExtension de la gamme par des travaux de pon\u00e7age dans le domaine de la pierre naturelle et artificielle.<br \/>\n<\/em><em>Premier contact avec CT Chemie GmbH, Grosshabersdorf (D) \u00e0 la stone+tec 93 \u00e0 Nuremberg.<\/em><\/p>\n<p><strong><em>En 1997<\/em><\/strong><em><br \/>\nLa maison Gast Natursteinservice est liquid\u00e9e et transf\u00e9r\u00e9e dans la nouvelle soci\u00e9t\u00e9 commerciale CT Chemie GmbH, fond\u00e9e le 1<sup>er\u00a0<\/sup>septembre. La maison a dor\u00e9navant son si\u00e8ge \u00e0 la Buchmattstrasse 4, Burgdorf. Outre les produits d\u2019entretien de la pierre, l\u2019ensemble de la gamme de silicones, produits de jointoiement et colles est propos\u00e9. <\/em><\/p>\n<p><strong><em>En 1999<\/em><\/strong><em><br \/>\nApr\u00e8s liquidation de la CT Chemie GmbH, Grosshabersdorf (D) Markus Gast reprend en tant que seul associ\u00e9 la CT Chemie GmbH, Suisse.<\/em><\/p>\n<p><strong><em>Le 1<sup>er\u00a0<\/sup>juillet 2003<\/em><\/strong><em><br \/>\nReprise de la repr\u00e9sentation g\u00e9n\u00e9rale des produits HMK MoellerStoneCare pour la Suisse<\/em><\/p>\n<p><strong><em>1<sup>er\u00a0<\/sup>janvier 2004<\/em><\/strong><em><br \/>\nEmm\u00e9nagement dans le nouveau b\u00e2timent \u00e0 Ersigen avec des locaux spacieux et un grand magasin (800 m2)<\/em><\/p>\n<p><strong><em>2006<\/em><\/strong><em><br \/>\nAm\u00e9nagement de salles de formation de la th\u00e9orie et des applications pratiques<\/em><\/p>\n<p><strong><em>1<sup>er\u00a0<\/sup>mai 2007<\/em><\/strong><em><br \/>\nLocation de nouveaux locaux de stockage suppl\u00e9mentaire dans le b\u00e2timent avoisinant.<\/em><\/p>\n<p><strong><em>1er septembre 2010<\/em><\/strong><em><br \/>\nReprise de la repr\u00e9sentation g\u00e9n\u00e9rale des produits Bellinzoni pour la Suisse.<\/em><\/p>\n<p><strong><em>Juin 2013<\/em><\/strong><em><br \/>\nPremier coup de pioche pour le nouveau hall \u00e0 Ersigen.<\/em><\/p>\n<p><strong><em>D\u00e9cembre 2013<\/em><\/strong><em><br \/>\nEmm\u00e9nagement dans le propre b\u00e2timent d\u2019exploitation \u00e0 la Gewerbestrasse 3 \u00e0 Ersigen<\/em><\/p>\n<p><strong>15 mars 2020<br \/>\n<\/strong>D\u00e9but des travaux de construction de l\u2019extension du b\u00e2timent d\u2019exploitation.<br \/>\nNous agrandissons la surface de stockage et r\u00e9alisons un local suppl\u00e9mentaire pour des produits contenant des solvants.<\/p>\n<p><strong>\u00a010 d\u00e9cembre 2019<br \/>\n<\/strong>Mise en service du nouvel entrep\u00f4t con\u00e7u pour env. 1300 emplacements pour palettes.<\/p>\n","protected":false},"excerpt":{"rendered":"<p>&nbsp; Le 1er\u00a0avril 1991 Jeannine et Markus Gast fondent la maison Gast Natursteinservice avec si\u00e8ge \u00e0 Fraubrunnen. Vente de produits de nettoyage et d\u2019entretien de pierre naturelle, c\u00e9ramique, gr\u00e8s c\u00e9rame [&hellip;]<\/p>\n","protected":false},"author":1,"featured_media":0,"parent":329,"menu_order":2,"comment_status":"closed","ping_status":"closed","template":"template-fullwidth.php","meta":{"_acf_changed":false,"footnotes":""},"class_list":["post-354","page","type-page","status-publish","hentry"],"acf":[],"_links":{"self":[{"href":"https:\/\/www.ct-chemie.ch\/fr\/wp-json\/wp\/v2\/pages\/354","targetHints":{"allow":["GET"]}}],"collection":[{"href":"https:\/\/www.ct-chemie.ch\/fr\/wp-json\/wp\/v2\/pages"}],"about":[{"href":"https:\/\/www.ct-chemie.ch\/fr\/wp-json\/wp\/v2\/types\/page"}],"author":[{"embeddable":true,"href":"https:\/\/www.ct-chemie.ch\/fr\/wp-json\/wp\/v2\/users\/1"}],"replies":[{"embeddable":true,"href":"https:\/\/www.ct-chemie.ch\/fr\/wp-json\/wp\/v2\/comments?post=354"}],"version-history":[{"count":0,"href":"https:\/\/www.ct-chemie.ch\/fr\/wp-json\/wp\/v2\/pages\/354\/revisions"}],"up":[{"embeddable":true,"href":"https:\/\/www.ct-chemie.ch\/fr\/wp-json\/wp\/v2\/pages\/329"}],"wp:attachment":[{"href":"https:\/\/www.ct-chemie.ch\/fr\/wp-json\/wp\/v2\/media?parent=354"}],"curies":[{"name":"wp","href":"https:\/\/api.w.org\/{rel}","templated":true}]}}