{"id":364,"date":"2015-06-11T07:27:59","date_gmt":"2015-06-11T05:27:59","guid":{"rendered":"http:\/\/ct-chemie.ch\/fr\/?page_id=364"},"modified":"2020-02-25T08:52:22","modified_gmt":"2020-02-25T07:52:22","slug":"locaux","status":"publish","type":"page","link":"https:\/\/www.ct-chemie.ch\/fr\/a-propos-de-nous\/locaux\/","title":{"rendered":"Locaux"},"content":{"rendered":"<figure id=\"attachment_19523\" aria-describedby=\"caption-attachment-19523\" style=\"width: 580px\" class=\"wp-caption alignnone\"><a href=\"https:\/\/www.ct-chemie.ch\/wp-content\/uploads\/Ausstellung_8086.jpg\"><img loading=\"lazy\" decoding=\"async\" class=\"wp-image-19523 size-full\" src=\"https:\/\/www.ct-chemie.ch\/wp-content\/uploads\/Ausstellung_8086.jpg\" alt=\"R\u00e9ception\" width=\"580\" height=\"387\" srcset=\"https:\/\/www.ct-chemie.ch\/wp-content\/uploads\/Ausstellung_8086.jpg 580w, https:\/\/www.ct-chemie.ch\/wp-content\/uploads\/Ausstellung_8086-416x278.jpg 416w\" sizes=\"auto, (max-width: 580px) 100vw, 580px\" \/><\/a><figcaption id=\"caption-attachment-19523\" class=\"wp-caption-text\">R\u00e9ception<\/figcaption><\/figure>\n<figure id=\"attachment_250\" aria-describedby=\"caption-attachment-250\" style=\"width: 580px\" class=\"wp-caption alignnone\"><a href=\"http:\/\/ct-chemie.ch\/wp-content\/uploads\/Schulung.jpg\"><img loading=\"lazy\" decoding=\"async\" class=\"wp-image-250 size-full\" src=\"http:\/\/ct-chemie.ch\/wp-content\/uploads\/Schulung.jpg\" alt=\"Salle de th\u00e9orie\" width=\"580\" height=\"387\" srcset=\"https:\/\/www.ct-chemie.ch\/wp-content\/uploads\/Schulung.jpg 580w, https:\/\/www.ct-chemie.ch\/wp-content\/uploads\/Schulung-416x278.jpg 416w\" sizes=\"auto, (max-width: 580px) 100vw, 580px\" \/><\/a><figcaption id=\"caption-attachment-250\" class=\"wp-caption-text\">Salle de th\u00e9orie<\/figcaption><\/figure>\n<figure id=\"attachment_19513\" aria-describedby=\"caption-attachment-19513\" style=\"width: 580px\" class=\"wp-caption alignnone\"><a href=\"https:\/\/www.ct-chemie.ch\/wp-content\/uploads\/Lager_P1010008.jpg\"><img loading=\"lazy\" decoding=\"async\" class=\"wp-image-19513 size-full\" src=\"https:\/\/www.ct-chemie.ch\/wp-content\/uploads\/Lager_P1010008.jpg\" alt=\"D\u00e9p\u00f4t\" width=\"580\" height=\"387\" srcset=\"https:\/\/www.ct-chemie.ch\/wp-content\/uploads\/Lager_P1010008.jpg 580w, https:\/\/www.ct-chemie.ch\/wp-content\/uploads\/Lager_P1010008-416x278.jpg 416w\" sizes=\"auto, (max-width: 580px) 100vw, 580px\" \/><\/a><figcaption id=\"caption-attachment-19513\" class=\"wp-caption-text\">D\u00e9p\u00f4t<\/figcaption><\/figure>\n<figure id=\"attachment_19519\" aria-describedby=\"caption-attachment-19519\" style=\"width: 580px\" class=\"wp-caption alignnone\"><a href=\"https:\/\/www.ct-chemie.ch\/wp-content\/uploads\/Lager_P1010012.jpg\"><img loading=\"lazy\" decoding=\"async\" class=\"wp-image-19519 size-full\" src=\"https:\/\/www.ct-chemie.ch\/wp-content\/uploads\/Lager_P1010012.jpg\" alt=\"D\u00e9p\u00f4t 2eme \u00e9tage\" width=\"580\" height=\"387\" srcset=\"https:\/\/www.ct-chemie.ch\/wp-content\/uploads\/Lager_P1010012.jpg 580w, https:\/\/www.ct-chemie.ch\/wp-content\/uploads\/Lager_P1010012-416x278.jpg 416w\" sizes=\"auto, (max-width: 580px) 100vw, 580px\" \/><\/a><figcaption id=\"caption-attachment-19519\" class=\"wp-caption-text\">D\u00e9p\u00f4t 2eme \u00e9tage<\/figcaption><\/figure>\n<figure id=\"attachment_19510\" aria-describedby=\"caption-attachment-19510\" style=\"width: 580px\" class=\"wp-caption alignnone\"><a href=\"https:\/\/www.ct-chemie.ch\/wp-content\/uploads\/Lager_P1010011.jpg\"><img loading=\"lazy\" decoding=\"async\" class=\"wp-image-19510 size-full\" src=\"https:\/\/www.ct-chemie.ch\/wp-content\/uploads\/Lager_P1010011.jpg\" alt=\"D\u00e9p\u00f4t Acide, solvants et alcalis\" width=\"580\" height=\"387\" srcset=\"https:\/\/www.ct-chemie.ch\/wp-content\/uploads\/Lager_P1010011.jpg 580w, https:\/\/www.ct-chemie.ch\/wp-content\/uploads\/Lager_P1010011-416x278.jpg 416w\" sizes=\"auto, (max-width: 580px) 100vw, 580px\" \/><\/a><figcaption id=\"caption-attachment-19510\" class=\"wp-caption-text\">D\u00e9p\u00f4t<br \/>Acide, solvants et alcalis<\/figcaption><\/figure>\n","protected":false},"excerpt":{"rendered":"","protected":false},"author":1,"featured_media":0,"parent":329,"menu_order":1,"comment_status":"closed","ping_status":"closed","template":"template-fullwidth.php","meta":{"_acf_changed":false,"footnotes":""},"class_list":["post-364","page","type-page","status-publish","hentry"],"acf":[],"_links":{"self":[{"href":"https:\/\/www.ct-chemie.ch\/fr\/wp-json\/wp\/v2\/pages\/364","targetHints":{"allow":["GET"]}}],"collection":[{"href":"https:\/\/www.ct-chemie.ch\/fr\/wp-json\/wp\/v2\/pages"}],"about":[{"href":"https:\/\/www.ct-chemie.ch\/fr\/wp-json\/wp\/v2\/types\/page"}],"author":[{"embeddable":true,"href":"https:\/\/www.ct-chemie.ch\/fr\/wp-json\/wp\/v2\/users\/1"}],"replies":[{"embeddable":true,"href":"https:\/\/www.ct-chemie.ch\/fr\/wp-json\/wp\/v2\/comments?post=364"}],"version-history":[{"count":0,"href":"https:\/\/www.ct-chemie.ch\/fr\/wp-json\/wp\/v2\/pages\/364\/revisions"}],"up":[{"embeddable":true,"href":"https:\/\/www.ct-chemie.ch\/fr\/wp-json\/wp\/v2\/pages\/329"}],"wp:attachment":[{"href":"https:\/\/www.ct-chemie.ch\/fr\/wp-json\/wp\/v2\/media?parent=364"}],"curies":[{"name":"wp","href":"https:\/\/api.w.org\/{rel}","templated":true}]}}