{"id":7438,"date":"2015-06-11T06:57:55","date_gmt":"2015-06-11T04:57:55","guid":{"rendered":"http:\/\/ct-chemie.ch\/fr\/produits\/informations\/"},"modified":"2025-03-11T14:20:56","modified_gmt":"2025-03-11T13:20:56","slug":"informations","status":"publish","type":"page","link":"https:\/\/www.ct-chemie.ch\/fr\/produits\/informations\/","title":{"rendered":"Informations"},"content":{"rendered":"<p><strong>Nettoyage<\/strong><br \/>\nPour commencer, d\u00e9terminez la qualit\u00e9 du rev\u00eatement et du palissement. Le tableau des t\u00e2ches vous aidera \u00e0 trouver le produit pour nettoyer convenant au rev\u00eatement et la salissure. Le r\u00e9sultat d\u00e9pend du dosage, du temps d\u2019actionner et l\u2019utilisation des aides ou machines appropri\u00e9es. En se r\u00e9f\u00e9rant au mode d\u2019emploi, on \u00e9vite bien des surprises d\u00e9sagr\u00e9ables. Remarque plus sombre, robuste ou absorbant apparait un rev\u00eatement, plus intense est l\u2019effort du nettoyage.<\/p>\n<p><strong>Prot\u00e9ction<\/strong><br \/>\nSuivant le genre et la composition de la surface, cette derni\u00e8re pourra \u00eatre rendu insensible aux t\u00e2ches par un traitement de protection. Pour cela existent des huiles, des cires, des acryliques ou des impr\u00e9gnations (avec ou sans approfondissement des couleurs, pour terres cuite, gr\u00e8s-c\u00e9rames, pierres naturelles et artficiels qui prot\u00e8gent leur rev\u00eatement. Des rev\u00eatements dans le domaine ext\u00e9rieur de pr\u00e9f\u00e9rence, seulement impr\u00e9gner si les conditions comme l\u2019inclinaison, (surface et fondement) construction de l\u2019infrastructure etc. sont remplies.<\/p>\n<p><strong>Traitement<\/strong><br \/>\nPar un nettoyage correcte et le soin vous n\u2019obtenez pas uniquement une pr\u00e9sentation plus belle mais une maintenance de la valeur durant des ann\u00e9es. Suivant l\u2019utilisation et la salissure un nettoyage \u00e0 font est de temps en temps indispensable.<\/p>\n<hr \/>\n<h2>Information technique<\/h2>\n<p><a href=\"https:\/\/www.ct-chemie.ch\/wp-content\/uploads\/HMK_TI-Lagerung.pdf\">HMK_TI Stockage<\/a><\/p>\n<p><a href=\"http:\/\/ct-chemie.ch\/wp-content\/uploads\/felckentabelle.pdf\" target=\"_blank\" rel=\"noopener noreferrer\">Tableau des taches<\/a><\/p>\n","protected":false},"excerpt":{"rendered":"<p>Nettoyage Pour commencer, d\u00e9terminez la qualit\u00e9 du rev\u00eatement et du palissement. Le tableau des t\u00e2ches vous aidera \u00e0 trouver le produit pour nettoyer convenant au rev\u00eatement et la salissure. Le [&hellip;]<\/p>\n","protected":false},"author":1,"featured_media":0,"parent":3015,"menu_order":1,"comment_status":"closed","ping_status":"closed","template":"","meta":{"_acf_changed":false,"footnotes":""},"class_list":["post-7438","page","type-page","status-publish","hentry"],"acf":[],"_links":{"self":[{"href":"https:\/\/www.ct-chemie.ch\/fr\/wp-json\/wp\/v2\/pages\/7438","targetHints":{"allow":["GET"]}}],"collection":[{"href":"https:\/\/www.ct-chemie.ch\/fr\/wp-json\/wp\/v2\/pages"}],"about":[{"href":"https:\/\/www.ct-chemie.ch\/fr\/wp-json\/wp\/v2\/types\/page"}],"author":[{"embeddable":true,"href":"https:\/\/www.ct-chemie.ch\/fr\/wp-json\/wp\/v2\/users\/1"}],"replies":[{"embeddable":true,"href":"https:\/\/www.ct-chemie.ch\/fr\/wp-json\/wp\/v2\/comments?post=7438"}],"version-history":[{"count":0,"href":"https:\/\/www.ct-chemie.ch\/fr\/wp-json\/wp\/v2\/pages\/7438\/revisions"}],"up":[{"embeddable":true,"href":"https:\/\/www.ct-chemie.ch\/fr\/wp-json\/wp\/v2\/pages\/3015"}],"wp:attachment":[{"href":"https:\/\/www.ct-chemie.ch\/fr\/wp-json\/wp\/v2\/media?parent=7438"}],"curies":[{"name":"wp","href":"https:\/\/api.w.org\/{rel}","templated":true}]}}