{"id":7485,"date":"2015-07-09T07:16:06","date_gmt":"2015-07-09T05:16:06","guid":{"rendered":"http:\/\/ct-chemie.ch\/fr\/produits\/informations\/gres-cerame\/"},"modified":"2025-04-29T19:04:13","modified_gmt":"2025-04-29T17:04:13","slug":"gres-cerame","status":"publish","type":"page","link":"https:\/\/www.ct-chemie.ch\/fr\/produits\/informations\/gres-cerame\/","title":{"rendered":"Gr\u00e8s c\u00e9rame"},"content":{"rendered":"<p>Le gr\u00e8s est une mati\u00e8re homog\u00e8ne et tr\u00e8s r\u00e9sistante \u00e0 l\u2019usure. Il est important que le nettoyage final du b\u00e2timent s\u2019effectue d\u2019une mani\u00e8re correcte. Par ce nettoyage des traces de ciment et d\u2019\u00e9ventuelles couches de protection appliqu\u00e9es par l\u2018usine sont \u00e9limin\u00e9es dans une grande mesure. Lors d\u2019un nettoyage incorrect apparait un d\u00e9p\u00f4t ray\u00e9 ou nuageux. Des acides ou lessivages trop forts peut \u00e9claircissent les jointes-ciment en noir, anthracite ou color\u00e9es. Informez-vous pour le proc\u00e9d\u00e9 appropri\u00e9.<\/p>\n<p><a href=\"http:\/\/www.ct-chemie.ch\/wp-content\/uploads\/Tabelle_Feinsteinzeug.png\" target=\"_blank\" rel=\"noopener noreferrer\"><img loading=\"lazy\" decoding=\"async\" class=\"alignnone wp-image-12757 size-medium\" src=\"http:\/\/www.ct-chemie.ch\/wp-content\/uploads\/Tabelle_Feinsteinzeug-768x537.png\" alt=\"\" width=\"768\" height=\"537\" \/><\/a><\/p>\n<hr \/>\n<h2>Information technique<\/h2>\n<p><a href=\"https:\/\/www.ct-chemie.ch\/wp-content\/uploads\/HMK_TI-Aussenbela\u0308ge.pdf\">HMK_Surfaces ext\u00e9rieures<\/a><\/p>\n<p><a href=\"https:\/\/www.ct-chemie.ch\/wp-content\/uploads\/HMK_TI_Bodenbela\u0308ge-FSZ.pdf\">HMK_TI_Rev\u00eaments de sols en gr\u00e8s-c\u00e9rames &#8211; premier nettoyage<\/a><\/p>\n<p><a href=\"https:\/\/www.ct-chemie.ch\/wp-content\/uploads\/HMK_TI-Bodenbela\u0308ge-FSZ-\u2013-Leichte-GR-GR-UR.pdf\">HMK_Nettoyage p\u00e9riodique et nettoyage d\u2019entretien de rev\u00eatements de sol en gr\u00e8s c\u00e9rame<\/a><\/p>\n<p><a href=\"https:\/\/www.ct-chemie.ch\/wp-content\/uploads\/HMK_TI-14.1.pdf\">HMK_TI 14.1 Gr\u00e8s-c\u00e9rame &#8211; nettoyage et entretien<\/a><\/p>\n<p><a href=\"https:\/\/www.ct-chemie.ch\/wp-content\/uploads\/HMK_TI-30.2.pdf\">HMK_TI 30.2 Gr\u00e8s-c\u00e9rame &#8211; anitglissance<\/a><\/p>\n<p>&nbsp;<\/p>\n","protected":false},"excerpt":{"rendered":"<p>Le gr\u00e8s est une mati\u00e8re homog\u00e8ne et tr\u00e8s r\u00e9sistante \u00e0 l\u2019usure. Il est important que le nettoyage final du b\u00e2timent s\u2019effectue d\u2019une mani\u00e8re correcte. Par ce nettoyage des traces de [&hellip;]<\/p>\n","protected":false},"author":1,"featured_media":0,"parent":7438,"menu_order":2,"comment_status":"closed","ping_status":"closed","template":"","meta":{"_acf_changed":false,"footnotes":""},"class_list":["post-7485","page","type-page","status-publish","hentry"],"acf":[],"_links":{"self":[{"href":"https:\/\/www.ct-chemie.ch\/fr\/wp-json\/wp\/v2\/pages\/7485","targetHints":{"allow":["GET"]}}],"collection":[{"href":"https:\/\/www.ct-chemie.ch\/fr\/wp-json\/wp\/v2\/pages"}],"about":[{"href":"https:\/\/www.ct-chemie.ch\/fr\/wp-json\/wp\/v2\/types\/page"}],"author":[{"embeddable":true,"href":"https:\/\/www.ct-chemie.ch\/fr\/wp-json\/wp\/v2\/users\/1"}],"replies":[{"embeddable":true,"href":"https:\/\/www.ct-chemie.ch\/fr\/wp-json\/wp\/v2\/comments?post=7485"}],"version-history":[{"count":0,"href":"https:\/\/www.ct-chemie.ch\/fr\/wp-json\/wp\/v2\/pages\/7485\/revisions"}],"up":[{"embeddable":true,"href":"https:\/\/www.ct-chemie.ch\/fr\/wp-json\/wp\/v2\/pages\/7438"}],"wp:attachment":[{"href":"https:\/\/www.ct-chemie.ch\/fr\/wp-json\/wp\/v2\/media?parent=7485"}],"curies":[{"name":"wp","href":"https:\/\/api.w.org\/{rel}","templated":true}]}}