{"id":7499,"date":"2015-07-09T09:31:28","date_gmt":"2015-07-09T07:31:28","guid":{"rendered":"http:\/\/ct-chemie.ch\/fr\/produits\/informations\/ceramique\/"},"modified":"2025-03-11T14:50:08","modified_gmt":"2025-03-11T13:50:08","slug":"ceramique","status":"publish","type":"page","link":"https:\/\/www.ct-chemie.ch\/fr\/produits\/informations\/ceramique\/","title":{"rendered":"C\u00e9ramique"},"content":{"rendered":"<p>Des objets en c\u00e9ramique sont form\u00e9s et press\u00e9s \u00e0 partir d\u2019une masse qui consiste entre autres de terre cuite, de Kaolin et d\u2019autres composants. Apr\u00e8s l\u2019application d\u2019un \u00e9mail l\u00e9ger le mat\u00e9riel est vitrifi\u00e9 au four, on distingue entre plaques du sol et plaques murales. Tenez compte que certaines gla\u00e7ures de d\u00e9coration ne r\u00e9sistent pas aux acides.<\/p>\n<p><a href=\"http:\/\/www.ct-chemie.ch\/wp-content\/uploads\/Tabelle_Keramik.png\" target=\"_blank\" rel=\"noopener noreferrer\"><img loading=\"lazy\" decoding=\"async\" class=\"alignnone wp-image-12764 size-medium\" src=\"http:\/\/www.ct-chemie.ch\/wp-content\/uploads\/Tabelle_Keramik-768x542.png\" alt=\"\" width=\"768\" height=\"542\" \/><\/a><\/p>\n<hr \/>\n<h2>Information technique<\/h2>\n<p><a href=\"https:\/\/www.ct-chemie.ch\/wp-content\/uploads\/HMK_TI-Aussenbela\u0308ge.pdf\">HMK_Surfaces ext\u00e9rieures<\/a><\/p>\n<p><a href=\"https:\/\/www.ct-chemie.ch\/wp-content\/uploads\/HMK_TI-6.2.pdf\">HMK_TI 6.2 Carreaux \u00e9maill\u00e9s &#8211; nettoyant et entretien<\/a><\/p>\n<p><a href=\"https:\/\/www.ct-chemie.ch\/wp-content\/uploads\/HMK_TI-Arbeitsfla\u0308chen-aus-KeramikKomposit.pdf\">HMK_Plans de travail en c\u00e9ramique et composites<\/a><\/p>\n","protected":false},"excerpt":{"rendered":"<p>Des objets en c\u00e9ramique sont form\u00e9s et press\u00e9s \u00e0 partir d\u2019une masse qui consiste entre autres de terre cuite, de Kaolin et d\u2019autres composants. Apr\u00e8s l\u2019application d\u2019un \u00e9mail l\u00e9ger le [&hellip;]<\/p>\n","protected":false},"author":1,"featured_media":0,"parent":7438,"menu_order":3,"comment_status":"closed","ping_status":"closed","template":"","meta":{"_acf_changed":false,"footnotes":""},"class_list":["post-7499","page","type-page","status-publish","hentry"],"acf":[],"_links":{"self":[{"href":"https:\/\/www.ct-chemie.ch\/fr\/wp-json\/wp\/v2\/pages\/7499","targetHints":{"allow":["GET"]}}],"collection":[{"href":"https:\/\/www.ct-chemie.ch\/fr\/wp-json\/wp\/v2\/pages"}],"about":[{"href":"https:\/\/www.ct-chemie.ch\/fr\/wp-json\/wp\/v2\/types\/page"}],"author":[{"embeddable":true,"href":"https:\/\/www.ct-chemie.ch\/fr\/wp-json\/wp\/v2\/users\/1"}],"replies":[{"embeddable":true,"href":"https:\/\/www.ct-chemie.ch\/fr\/wp-json\/wp\/v2\/comments?post=7499"}],"version-history":[{"count":0,"href":"https:\/\/www.ct-chemie.ch\/fr\/wp-json\/wp\/v2\/pages\/7499\/revisions"}],"up":[{"embeddable":true,"href":"https:\/\/www.ct-chemie.ch\/fr\/wp-json\/wp\/v2\/pages\/7438"}],"wp:attachment":[{"href":"https:\/\/www.ct-chemie.ch\/fr\/wp-json\/wp\/v2\/media?parent=7499"}],"curies":[{"name":"wp","href":"https:\/\/api.w.org\/{rel}","templated":true}]}}