{"id":7515,"date":"2015-07-09T09:40:48","date_gmt":"2015-07-09T07:40:48","guid":{"rendered":"http:\/\/ct-chemie.ch\/fr\/cotto-terre-cuite\/"},"modified":"2025-01-08T07:11:57","modified_gmt":"2025-01-08T06:11:57","slug":"cotto-terre-cuite","status":"publish","type":"page","link":"https:\/\/www.ct-chemie.ch\/fr\/produits\/informations\/cotto-terre-cuite\/","title":{"rendered":"Cotto &#038; terre cuite"},"content":{"rendered":"<p>Comme le nom le laisse entendre, ces plaques sont vitrifi\u00e9es en cuisant de la terre avec diff\u00e9rents additifs. Un mat\u00e9riau qui place un accent rustique et chaud r\u00e9serv\u00e9s pour des amateurs qui acceptent un entretien plus \u00e9lev\u00e9. Selon la provenance, la plaque est confectionn\u00e9e avec plus ou moins de pression et vitrifi\u00e9 au four \u00e0 des temp\u00e9ratures diff\u00e9rentes. Plus la porosit\u00e9 et grande plus le pouvoir d\u2019absorbation sera \u00e9lev\u00e9e. Plus la surface est rugueuse, plus importante sera l\u2019effort \u00e0 fournir pour le nettoyage.<\/p>\n<p><a href=\"http:\/\/www.ct-chemie.ch\/wp-content\/uploads\/Tabelle_Cotto-Tonplatten.png\" target=\"_blank\" rel=\"noopener noreferrer\"><img loading=\"lazy\" decoding=\"async\" class=\"alignnone wp-image-12770 size-medium\" src=\"http:\/\/www.ct-chemie.ch\/wp-content\/uploads\/Tabelle_Cotto-Tonplatten-768x529.png\" alt=\"\" width=\"768\" height=\"529\" \/><\/a><\/p>\n<hr \/>\n<p><a href=\"https:\/\/www.ct-chemie.ch\/wp-content\/uploads\/HMK_TI-4.1-1.pdf\">HMK_TI 4.1 Terres cuites &#8211; nettoyage et entretien<\/a><\/p>\n<p><a href=\"https:\/\/www.ct-chemie.ch\/wp-content\/uploads\/HMK_TI-6.1.pdf\">HMK_TI 6.1 Carrelages ceramiques &#8211; non emailles<\/a><\/p>\n<p>&nbsp;<\/p>\n","protected":false},"excerpt":{"rendered":"<p>Comme le nom le laisse entendre, ces plaques sont vitrifi\u00e9es en cuisant de la terre avec diff\u00e9rents additifs. Un mat\u00e9riau qui place un accent rustique et chaud r\u00e9serv\u00e9s pour des [&hellip;]<\/p>\n","protected":false},"author":1,"featured_media":0,"parent":7438,"menu_order":4,"comment_status":"closed","ping_status":"closed","template":"","meta":{"_acf_changed":false,"footnotes":""},"class_list":["post-7515","page","type-page","status-publish","hentry"],"acf":[],"_links":{"self":[{"href":"https:\/\/www.ct-chemie.ch\/fr\/wp-json\/wp\/v2\/pages\/7515","targetHints":{"allow":["GET"]}}],"collection":[{"href":"https:\/\/www.ct-chemie.ch\/fr\/wp-json\/wp\/v2\/pages"}],"about":[{"href":"https:\/\/www.ct-chemie.ch\/fr\/wp-json\/wp\/v2\/types\/page"}],"author":[{"embeddable":true,"href":"https:\/\/www.ct-chemie.ch\/fr\/wp-json\/wp\/v2\/users\/1"}],"replies":[{"embeddable":true,"href":"https:\/\/www.ct-chemie.ch\/fr\/wp-json\/wp\/v2\/comments?post=7515"}],"version-history":[{"count":0,"href":"https:\/\/www.ct-chemie.ch\/fr\/wp-json\/wp\/v2\/pages\/7515\/revisions"}],"up":[{"embeddable":true,"href":"https:\/\/www.ct-chemie.ch\/fr\/wp-json\/wp\/v2\/pages\/7438"}],"wp:attachment":[{"href":"https:\/\/www.ct-chemie.ch\/fr\/wp-json\/wp\/v2\/media?parent=7515"}],"curies":[{"name":"wp","href":"https:\/\/api.w.org\/{rel}","templated":true}]}}