{"id":7606,"date":"2015-07-09T10:11:25","date_gmt":"2015-07-09T08:11:25","guid":{"rendered":"http:\/\/ct-chemie.ch\/fr\/pierre-naturelle\/"},"modified":"2025-03-11T14:52:07","modified_gmt":"2025-03-11T13:52:07","slug":"pierre-naturelle","status":"publish","type":"page","link":"https:\/\/www.ct-chemie.ch\/fr\/produits\/informations\/pierre-naturelle\/","title":{"rendered":"Pierre naturelle"},"content":{"rendered":"<p>La pierre naturelle est un mat\u00e9riau noble qui remonte \u00e0 des mill\u00e9naires. Chaque plateau est unique et ne perd jamais son caract\u00e8re d\u00e9coratif. Changements filons Ader\/Bergbau, inclusions et fendilles fissures capillaires sont courants pour ces mat\u00e9riaux et ne donnent pas lieu \u00e0 des r\u00e9clamations. La pierre naturelle se repartit en pierres dures et pierres tendres. En pierres dures sont class\u00e9s le granit, le gneiss, le quartz etc. Les pierres tendres se repartissent en pierres calcaires et du marbre. L\u2019ardoise, se divisant facilement en surface brut plaques. L\u2019ardoise italienne n\u2019est pas r\u00e9sistante \u00e0 l\u2019acide et l\u2019ardoise portugais l\u2019est seulement sous certaines conditions. Par la grande diversit\u00e9 des mat\u00e9riaux offerts aujourd\u2019hui en provenance du monde entier, il faut tenir compte lors du choix le future usage, la sollicitation et le nettoyage. Suivant le cas, des forts acides ou des lessives mordantes pourront endommager votre pierre naturelle.<\/p>\n<p><a href=\"http:\/\/www.ct-chemie.ch\/wp-content\/uploads\/Tabelle_Naturstein.png\"><img loading=\"lazy\" decoding=\"async\" class=\"alignnone wp-image-12780 size-medium\" src=\"http:\/\/www.ct-chemie.ch\/wp-content\/uploads\/Tabelle_Naturstein-412x768.png\" alt=\"\" width=\"412\" height=\"768\" \/><\/a><\/p>\n<hr \/>\n<h2>Information technique<\/h2>\n<p><a href=\"https:\/\/www.ct-chemie.ch\/wp-content\/uploads\/HMK_TI-Aussenbela\u0308ge.pdf\">HMK_Surfaces ext\u00e9rieures<\/a><\/p>\n<p><a href=\"https:\/\/www.ct-chemie.ch\/wp-content\/uploads\/HMK_TI-Arbeitsfla\u0308chen-aus-Naturstein.pdf\">HMK_Plans de travail en pierre naturelle <\/a><\/p>\n<p><a href=\"https:\/\/www.ct-chemie.ch\/wp-content\/uploads\/HMK_TI-Bodenbela\u0308ge-aus-Naturstein.pdf\">HMK_Rev\u00eaments en pierre naturelle<\/a><\/p>\n<p><a href=\"https:\/\/www.ct-chemie.ch\/wp-content\/uploads\/HMK_TI-2.1.pdf\">HMK_TI 2.1 Dalles pierre de Bavier (Solnhofen) &#8211; brutes, brutes et adoucies<\/a><\/p>\n<p><a href=\"https:\/\/www.ct-chemie.ch\/wp-content\/uploads\/HMK_TI-2.2.pdf\">HMK_TI 2.2 Dalles pierre de Bacier (Solnhofen) &#8211; adoucies, polies<\/a><\/p>\n<p><a href=\"https:\/\/www.ct-chemie.ch\/wp-content\/uploads\/HMK_TI-3.1.pdf\">HMK_TI 3.1 Marbres, Calcaires &#8211; adoucies ou polies<\/a><\/p>\n<p><a href=\"https:\/\/www.ct-chemie.ch\/wp-content\/uploads\/HMK_TI-3.2-1.pdf\">HMK_TI 3.2 Marbres, Calcaires &#8211; egreses, bouchardes, sables, flammes<\/a><\/p>\n<p><a href=\"https:\/\/www.ct-chemie.ch\/wp-content\/uploads\/HMK_TI-7.1.pdf\">HMK_TI 7.1 Granit, Gneiss &#8211; poli, adouci fin<\/a><\/p>\n<p><a href=\"https:\/\/www.ct-chemie.ch\/wp-content\/uploads\/HMK_TI-7.2.pdf\">HMK_TI 7.2 Granit, Gneiss &#8211; bross\u00e9, sables, ponc\u00e9<\/a><\/p>\n<p><a href=\"https:\/\/www.ct-chemie.ch\/wp-content\/uploads\/HMK_TI-7.3.pdf\">HMK_TI 7.3 Granit, Gneiss &#8211; brut, flamm\u00e9, bouchard\u00e9<\/a><\/p>\n<p><a href=\"https:\/\/www.ct-chemie.ch\/wp-content\/uploads\/HMK_TI-8.1.pdf\">HMK_TI 8.1 Porphyre &#8211; brut, ponc\u00e9<\/a><\/p>\n<p><a href=\"https:\/\/www.ct-chemie.ch\/wp-content\/uploads\/HMK_TI-11.1.pdf\">HMK_TI 11.1 Gres quartzeux &#8211; nettoyage et entretien<\/a><\/p>\n<p><a href=\"https:\/\/www.ct-chemie.ch\/wp-content\/uploads\/HMK_TI-11.2.pdf\">HMK_TI 11.2 Rev\u00eatements en gr\u00e8s \u00e0 liant de chaux &#8211; nettoyage et entretien<\/a><\/p>\n<p><a href=\"https:\/\/www.ct-chemie.ch\/wp-content\/uploads\/HMK_TI-12.1.pdf\">HMK_TI 12.1 Ardoise (resistant aux acides) &#8211; nettoyage et entretien<\/a><\/p>\n<p><a href=\"https:\/\/www.ct-chemie.ch\/wp-content\/uploads\/HMK_TI-12.2.pdf\">HMK_TI 12.2 Ardoise bitumineux &#8211; nettoyage et entretien<\/a><\/p>\n<p><a href=\"https:\/\/www.ct-chemie.ch\/wp-content\/uploads\/HMK_TI-12.3.pdf\">HMK_TI 12.3 Ardoise de Theumar &#8211; nettoyage et entretien<\/a><\/p>\n<p><a href=\"https:\/\/www.ct-chemie.ch\/wp-content\/uploads\/HMK_TI-12.4.pdf\">HMK_TI 12.4 Ardoise italien &#8211; nettoyage er entretien<\/a><\/p>\n<p><a href=\"https:\/\/www.ct-chemie.ch\/wp-content\/uploads\/HMK_TI-12.5.pdf\">HMK_TI 12.5 Ardoise br\u00e9silien &#8211; nettoyage et entretien<\/a><\/p>\n<p><a href=\"https:\/\/www.ct-chemie.ch\/wp-content\/uploads\/HMK_TI-13.1.pdf\">HMK_TI 13.1 Quartzites &#8211; nettoyage et entretien<\/a><\/p>\n<p><a href=\"https:\/\/www.ct-chemie.ch\/wp-content\/uploads\/HMK_TI-15.1.pdf\">HMK_TI 15.1 Laves Basaltiques &#8211; nettoyage et entretien<\/a><\/p>\n<p><a href=\"https:\/\/www.ct-chemie.ch\/wp-content\/uploads\/HMK_TI-15.2.pdf\">HMK_TI 15.2 Basalte (Basantie, Trachi-Basalte) &#8211; nettoyage et entretien<\/a><\/p>\n<p><a href=\"https:\/\/www.ct-chemie.ch\/wp-content\/uploads\/HMK_TI-15.3.pdf\">HMK_TI 15.3 Basaltina &#8211; nettoyage et entretien<\/a><\/p>\n<p><a href=\"https:\/\/www.ct-chemie.ch\/wp-content\/uploads\/HMK_TI-17.1.pdf\">HMK_TI 17.1 Marbre, Terrazzo, Granit &#8211; Sols anciens, nettoyage et repolissage<\/a><\/p>\n<p><a href=\"https:\/\/www.ct-chemie.ch\/wp-content\/uploads\/HMK_TI-30.1.pdf\">HMK_TI 30.1 Pierre naturelle et artificielle r\u00e9pondant aux conditions antiglissance R9<\/a><\/p>\n<p><a href=\"https:\/\/www.ct-chemie.ch\/wp-content\/uploads\/HMK_TI-30.3.pdf\">HMK_TI 30.3 Granit, Gneiss (grandes surfaces commerciales) r\u00e9pondant aux conditions antiglissance R9<\/a><\/p>\n","protected":false},"excerpt":{"rendered":"<p>La pierre naturelle est un mat\u00e9riau noble qui remonte \u00e0 des mill\u00e9naires. Chaque plateau est unique et ne perd jamais son caract\u00e8re d\u00e9coratif. Changements filons Ader\/Bergbau, inclusions et fendilles fissures [&hellip;]<\/p>\n","protected":false},"author":1,"featured_media":0,"parent":7438,"menu_order":5,"comment_status":"closed","ping_status":"closed","template":"","meta":{"_acf_changed":false,"footnotes":""},"class_list":["post-7606","page","type-page","status-publish","hentry"],"acf":[],"_links":{"self":[{"href":"https:\/\/www.ct-chemie.ch\/fr\/wp-json\/wp\/v2\/pages\/7606","targetHints":{"allow":["GET"]}}],"collection":[{"href":"https:\/\/www.ct-chemie.ch\/fr\/wp-json\/wp\/v2\/pages"}],"about":[{"href":"https:\/\/www.ct-chemie.ch\/fr\/wp-json\/wp\/v2\/types\/page"}],"author":[{"embeddable":true,"href":"https:\/\/www.ct-chemie.ch\/fr\/wp-json\/wp\/v2\/users\/1"}],"replies":[{"embeddable":true,"href":"https:\/\/www.ct-chemie.ch\/fr\/wp-json\/wp\/v2\/comments?post=7606"}],"version-history":[{"count":0,"href":"https:\/\/www.ct-chemie.ch\/fr\/wp-json\/wp\/v2\/pages\/7606\/revisions"}],"up":[{"embeddable":true,"href":"https:\/\/www.ct-chemie.ch\/fr\/wp-json\/wp\/v2\/pages\/7438"}],"wp:attachment":[{"href":"https:\/\/www.ct-chemie.ch\/fr\/wp-json\/wp\/v2\/media?parent=7606"}],"curies":[{"name":"wp","href":"https:\/\/api.w.org\/{rel}","templated":true}]}}