{"id":10544,"date":"2015-08-10T08:05:24","date_gmt":"2015-08-10T06:05:24","guid":{"rendered":""},"modified":"2024-10-11T10:27:26","modified_gmt":"2024-10-11T08:27:26","slug":"hmk-r181","status":"publish","type":"product","link":"https:\/\/www.ct-chemie.ch\/fr\/produit\/hmk-r181\/","title":{"rendered":"HMK R181"},"content":{"rendered":"<p>Joint-Net<br \/>\nHMK R181 est un nettoyant sp\u00e9cial (concentr\u00e9) qui \u00e9limine les d\u00e9p\u00f4ts de salissures, les encrassements organiques, huiles et graisses des surfaces des joints. Est appropri\u00e9 pour l\u2019application sur des gr\u00e8s c\u00e9rames \u00e9maill\u00e9s et non \u00e9maill\u00e9s, des carreaux en c\u00e9ramique, clinker etc. Les joints encrass\u00e9s deviennent \u00e0 nouveau hygi\u00e9niquement propres.<\/p>\n<p>Rendement: env. 5\u201310 m\u00b2\/500 ml<\/p>\n<p>Pi\u00e8ce\u00a0\u00e0:\u00a0 500 ml<br \/>\nCarton \u00e0: 12 pce<\/p>\n","protected":false},"excerpt":{"rendered":"<p>Joint-Net<\/p>\n","protected":false},"featured_media":35130,"comment_status":"closed","ping_status":"closed","template":"","meta":{"_acf_changed":false},"product_cat":[187,1592],"product_tag":[],"class_list":{"0":"post-10544","1":"product","2":"type-product","3":"status-publish","4":"has-post-thumbnail","6":"product_cat-ceramic-line","7":"product_cat-privat","9":"first","10":"instock","11":"taxable","12":"shipping-taxable","13":"purchasable","14":"product-type-variable"},"acf":[],"_links":{"self":[{"href":"https:\/\/www.ct-chemie.ch\/fr\/wp-json\/wp\/v2\/product\/10544","targetHints":{"allow":["GET"]}}],"collection":[{"href":"https:\/\/www.ct-chemie.ch\/fr\/wp-json\/wp\/v2\/product"}],"about":[{"href":"https:\/\/www.ct-chemie.ch\/fr\/wp-json\/wp\/v2\/types\/product"}],"replies":[{"embeddable":true,"href":"https:\/\/www.ct-chemie.ch\/fr\/wp-json\/wp\/v2\/comments?post=10544"}],"wp:featuredmedia":[{"embeddable":true,"href":"https:\/\/www.ct-chemie.ch\/fr\/wp-json\/wp\/v2\/media\/35130"}],"wp:attachment":[{"href":"https:\/\/www.ct-chemie.ch\/fr\/wp-json\/wp\/v2\/media?parent=10544"}],"wp:term":[{"taxonomy":"product_cat","embeddable":true,"href":"https:\/\/www.ct-chemie.ch\/fr\/wp-json\/wp\/v2\/product_cat?post=10544"},{"taxonomy":"product_tag","embeddable":true,"href":"https:\/\/www.ct-chemie.ch\/fr\/wp-json\/wp\/v2\/product_tag?post=10544"}],"curies":[{"name":"wp","href":"https:\/\/api.w.org\/{rel}","templated":true}]}}