{"id":12329,"date":"2015-09-10T10:16:19","date_gmt":"2015-09-10T08:16:19","guid":{"rendered":""},"modified":"2024-10-02T13:34:36","modified_gmt":"2024-10-02T11:34:36","slug":"phoenix-43es","status":"publish","type":"product","link":"https:\/\/www.ct-chemie.ch\/fr\/produit\/phoenix-43es\/","title":{"rendered":"Phoenix 43ES Monobrosse"},"content":{"rendered":"<p>Monobrosse puissante pour le nettoyage, le pon\u00e7age et le polissage (hors r\u00e9servoir d&rsquo;eau). Bo\u00eetier en plastique\/m\u00e9tal. Bo\u00eete de vitesses en m\u00e9tal robuste.<\/p>\n<p>Donn\u00e9es techniques: Moteur 2,5 CV, 220 V \/ 1850W, poids 42 kg. Plaque support 16\u201c\/\u00d8 406 mm.<\/p>\n","protected":false},"excerpt":{"rendered":"<p>Monobrosse\u00a0robuste et puissante<\/p>\n","protected":false},"featured_media":18881,"comment_status":"closed","ping_status":"closed","template":"","meta":{"_acf_changed":false},"product_cat":[137,1257],"product_tag":[],"class_list":{"0":"post-12329","1":"product","2":"type-product","3":"status-publish","4":"has-post-thumbnail","6":"product_cat-bellinzoni-categorie","7":"product_cat-machines-categorie-fr","9":"first","10":"instock","11":"taxable","12":"shipping-taxable","13":"purchasable","14":"product-type-simple"},"acf":[],"_links":{"self":[{"href":"https:\/\/www.ct-chemie.ch\/fr\/wp-json\/wp\/v2\/product\/12329","targetHints":{"allow":["GET"]}}],"collection":[{"href":"https:\/\/www.ct-chemie.ch\/fr\/wp-json\/wp\/v2\/product"}],"about":[{"href":"https:\/\/www.ct-chemie.ch\/fr\/wp-json\/wp\/v2\/types\/product"}],"replies":[{"embeddable":true,"href":"https:\/\/www.ct-chemie.ch\/fr\/wp-json\/wp\/v2\/comments?post=12329"}],"wp:featuredmedia":[{"embeddable":true,"href":"https:\/\/www.ct-chemie.ch\/fr\/wp-json\/wp\/v2\/media\/18881"}],"wp:attachment":[{"href":"https:\/\/www.ct-chemie.ch\/fr\/wp-json\/wp\/v2\/media?parent=12329"}],"wp:term":[{"taxonomy":"product_cat","embeddable":true,"href":"https:\/\/www.ct-chemie.ch\/fr\/wp-json\/wp\/v2\/product_cat?post=12329"},{"taxonomy":"product_tag","embeddable":true,"href":"https:\/\/www.ct-chemie.ch\/fr\/wp-json\/wp\/v2\/product_tag?post=12329"}],"curies":[{"name":"wp","href":"https:\/\/api.w.org\/{rel}","templated":true}]}}