{"id":13460,"date":"2016-09-13T13:33:24","date_gmt":"2016-09-13T11:33:24","guid":{"rendered":"http:\/\/www.ct-chemie.ch\/fr\/produit\/cetebond-300\/"},"modified":"2026-04-14T13:00:57","modified_gmt":"2026-04-14T11:00:57","slug":"cetebond-300","status":"publish","type":"product","link":"https:\/\/www.ct-chemie.ch\/fr\/produit\/cetebond-300\/","title":{"rendered":"CeTeBond 300"},"content":{"rendered":"<p><b>Mousse adh\u00e9sive pour la fa\u00e7ade et le p\u00e9rim\u00e8tre<\/b><\/p>\n<p class=\"p1\">Mousse adh\u00e9sive polyu\u00e9thane, mono-composante durcissant \u00e0 l\u2019humidit\u00e9 et de faible dilatation pour le collage et le montage de panneaux isolants. Application au pistolet a mousse.<\/p>\n<p>Rendement: env. 5\u201310 m<sup>2<\/sup><\/p>\n<p>Pi\u00e8ce \u00e0: 800 ml<br \/>\nCarton \u00e0:\u00a012 pce<\/p>\n<p>&nbsp;<\/p>\n","protected":false},"excerpt":{"rendered":"<p>Mousse adh\u00e9sive pour la fa\u00e7ade et le p\u00e9rim\u00e8tre<\/p>\n","protected":false},"featured_media":34957,"comment_status":"closed","ping_status":"closed","template":"","meta":{"_acf_changed":false},"product_cat":[1449],"product_tag":[],"class_list":{"0":"post-13460","1":"product","2":"type-product","3":"status-publish","4":"has-post-thumbnail","6":"product_cat-mousse-de-montage-accessoires","8":"first","9":"instock","10":"taxable","11":"shipping-taxable","12":"purchasable","13":"product-type-variable"},"acf":[],"_links":{"self":[{"href":"https:\/\/www.ct-chemie.ch\/fr\/wp-json\/wp\/v2\/product\/13460","targetHints":{"allow":["GET"]}}],"collection":[{"href":"https:\/\/www.ct-chemie.ch\/fr\/wp-json\/wp\/v2\/product"}],"about":[{"href":"https:\/\/www.ct-chemie.ch\/fr\/wp-json\/wp\/v2\/types\/product"}],"replies":[{"embeddable":true,"href":"https:\/\/www.ct-chemie.ch\/fr\/wp-json\/wp\/v2\/comments?post=13460"}],"wp:featuredmedia":[{"embeddable":true,"href":"https:\/\/www.ct-chemie.ch\/fr\/wp-json\/wp\/v2\/media\/34957"}],"wp:attachment":[{"href":"https:\/\/www.ct-chemie.ch\/fr\/wp-json\/wp\/v2\/media?parent=13460"}],"wp:term":[{"taxonomy":"product_cat","embeddable":true,"href":"https:\/\/www.ct-chemie.ch\/fr\/wp-json\/wp\/v2\/product_cat?post=13460"},{"taxonomy":"product_tag","embeddable":true,"href":"https:\/\/www.ct-chemie.ch\/fr\/wp-json\/wp\/v2\/product_tag?post=13460"}],"curies":[{"name":"wp","href":"https:\/\/api.w.org\/{rel}","templated":true}]}}