{"id":13487,"date":"2016-09-14T13:25:16","date_gmt":"2016-09-14T11:25:16","guid":{"rendered":""},"modified":"2026-01-20T14:30:14","modified_gmt":"2026-01-20T13:30:14","slug":"cetecryl-x-tra","status":"publish","type":"product","link":"https:\/\/www.ct-chemie.ch\/fr\/produit\/cetecryl-x-tra\/","title":{"rendered":"CeTeCryl X-tra"},"content":{"rendered":"<p class=\"p1\"><i>Substance de calfeutrage haute qualit\u00e9 sur la dispersion acrylique pour des jointures de raccordement \u00e0 l\u2018int\u00e9rieur et \u00e0 l\u2018ext\u00e9rieur. Les <\/i><i>craquelures des couleurs sont r\u00e9duites \u00e0 un minimum. Recouvrable avec la plupart des syst\u00e8mes de peinture. R\u00e9sistant aux intemp\u00e9ries et <\/i><i>de vieillissement. 7,5% adaptation au mouvement.<\/i><\/p>\n<p>R\u00e9sistance \u00e0 la temp\u00e9rature -20\u00b0 C \u2013 +75\u00b0 C<\/p>\n<p>Couleur: blanc<\/p>\n<p>Cartouche \u00e0: 310 ml<br \/>\nCarton \u00e0: 12 pce<\/p>\n","protected":false},"excerpt":{"rendered":"<p>Substance de calfeutrage haute qualit\u00e9 sur la dispersion acrylique<\/p>\n","protected":false},"featured_media":34909,"comment_status":"closed","ping_status":"closed","template":"","meta":{"_acf_changed":false},"product_cat":[1380,1592],"product_tag":[],"class_list":{"0":"post-13487","1":"product","2":"type-product","3":"status-publish","4":"has-post-thumbnail","6":"product_cat-mastics-categorie-fr","7":"product_cat-privat","9":"first","10":"instock","11":"taxable","12":"shipping-taxable","13":"purchasable","14":"product-type-variable"},"acf":[],"_links":{"self":[{"href":"https:\/\/www.ct-chemie.ch\/fr\/wp-json\/wp\/v2\/product\/13487","targetHints":{"allow":["GET"]}}],"collection":[{"href":"https:\/\/www.ct-chemie.ch\/fr\/wp-json\/wp\/v2\/product"}],"about":[{"href":"https:\/\/www.ct-chemie.ch\/fr\/wp-json\/wp\/v2\/types\/product"}],"replies":[{"embeddable":true,"href":"https:\/\/www.ct-chemie.ch\/fr\/wp-json\/wp\/v2\/comments?post=13487"}],"wp:featuredmedia":[{"embeddable":true,"href":"https:\/\/www.ct-chemie.ch\/fr\/wp-json\/wp\/v2\/media\/34909"}],"wp:attachment":[{"href":"https:\/\/www.ct-chemie.ch\/fr\/wp-json\/wp\/v2\/media?parent=13487"}],"wp:term":[{"taxonomy":"product_cat","embeddable":true,"href":"https:\/\/www.ct-chemie.ch\/fr\/wp-json\/wp\/v2\/product_cat?post=13487"},{"taxonomy":"product_tag","embeddable":true,"href":"https:\/\/www.ct-chemie.ch\/fr\/wp-json\/wp\/v2\/product_tag?post=13487"}],"curies":[{"name":"wp","href":"https:\/\/api.w.org\/{rel}","templated":true}]}}