{"id":15354,"date":"2017-11-13T20:31:28","date_gmt":"2017-11-13T19:31:28","guid":{"rendered":"http:\/\/www.ct-chemie.ch\/product\/azett-cleaning-towels\/?lang=fr"},"modified":"2024-10-03T11:55:38","modified_gmt":"2024-10-03T09:55:38","slug":"azett-cleaning-towels","status":"publish","type":"product","link":"https:\/\/www.ct-chemie.ch\/fr\/produit\/azett-cleaning-towels\/","title":{"rendered":"precoderm Cleaning Towels"},"content":{"rendered":"<p>Les lingettes nettoyantes pour les mains s\u2018enl\u00e8vent la salet\u00e9 normale \u00e0 tenacesans eau. Nettoie l\u2019huile, la graisse, les colles, silicone, graphite, la suie, la poussi\u00e8re m\u00e9tallique et l\u2019encre sur la peau, sur des surfaces, outils etc. Sans silicones et substances d\u2019allerg\u00e8nes.<\/p>\n<p>Conditionnement: Box \u00e0 80 lingettes\/4 pi\u00e8ces par carton<\/p>\n","protected":false},"excerpt":{"rendered":"<p>Chiffons de nettoyage<\/p>\n","protected":false},"featured_media":16919,"comment_status":"closed","ping_status":"closed","template":"","meta":{"_acf_changed":false},"product_cat":[1558],"product_tag":[],"class_list":{"0":"post-15354","1":"product","2":"type-product","3":"status-publish","4":"has-post-thumbnail","6":"product_cat-nettoyage-des-mains","8":"first","9":"instock","10":"taxable","11":"shipping-taxable","12":"purchasable","13":"product-type-simple"},"acf":[],"_links":{"self":[{"href":"https:\/\/www.ct-chemie.ch\/fr\/wp-json\/wp\/v2\/product\/15354","targetHints":{"allow":["GET"]}}],"collection":[{"href":"https:\/\/www.ct-chemie.ch\/fr\/wp-json\/wp\/v2\/product"}],"about":[{"href":"https:\/\/www.ct-chemie.ch\/fr\/wp-json\/wp\/v2\/types\/product"}],"replies":[{"embeddable":true,"href":"https:\/\/www.ct-chemie.ch\/fr\/wp-json\/wp\/v2\/comments?post=15354"}],"wp:featuredmedia":[{"embeddable":true,"href":"https:\/\/www.ct-chemie.ch\/fr\/wp-json\/wp\/v2\/media\/16919"}],"wp:attachment":[{"href":"https:\/\/www.ct-chemie.ch\/fr\/wp-json\/wp\/v2\/media?parent=15354"}],"wp:term":[{"taxonomy":"product_cat","embeddable":true,"href":"https:\/\/www.ct-chemie.ch\/fr\/wp-json\/wp\/v2\/product_cat?post=15354"},{"taxonomy":"product_tag","embeddable":true,"href":"https:\/\/www.ct-chemie.ch\/fr\/wp-json\/wp\/v2\/product_tag?post=15354"}],"curies":[{"name":"wp","href":"https:\/\/api.w.org\/{rel}","templated":true}]}}