{"id":15736,"date":"2018-02-26T16:05:27","date_gmt":"2018-02-26T15:05:27","guid":{"rendered":"http:\/\/www.ct-chemie.ch\/product\/hmk-r189\/?lang=fr"},"modified":"2026-04-17T15:34:58","modified_gmt":"2026-04-17T13:34:58","slug":"hmk-r189","status":"publish","type":"product","link":"https:\/\/www.ct-chemie.ch\/fr\/produit\/hmk-r189\/","title":{"rendered":"HMK R189"},"content":{"rendered":"<p>Anti-d\u00e9p\u00f4t calcaire<br \/>\nHMK\u00ae R189 est un nettoyant sp\u00e9cial l\u00e9g\u00e8rement acide pr\u00eat \u00e0 l\u2019emploi, sp\u00e9cialement formul\u00e9 pour le nettoyage des robinets, c\u00e9ramiques, carreaux \u00e9maill\u00e9s, gr\u00e8s-c\u00e9rame, verres et surfaces en pierres naturelles r\u00e9sistantes aux acides, en cuisine, salles de bains et autres milieux humides.<\/p>\n<p>Rendement: selon le degr\u00e9 de salissure, env. 5 \u00e0 10 m\u00b2\/l.<\/p>\n<p>Pi\u00e8ce \u00e0: 250 ml<br \/>\nCarton \u00e0: 30 pce<\/p>\n<p>Pi\u00e8ce\u00a0\u00e0: 500 ml<br \/>\nCarton \u00e0: 12 pce<\/p>\n","protected":false},"excerpt":{"rendered":"<p>Anti-d\u00e9p\u00f4t calcaire<\/p>\n","protected":false},"featured_media":37486,"comment_status":"closed","ping_status":"closed","template":"","meta":{"_acf_changed":false},"product_cat":[189,1592],"product_tag":[],"class_list":{"0":"post-15736","1":"product","2":"type-product","3":"status-publish","4":"has-post-thumbnail","6":"product_cat-basic-line","7":"product_cat-privat","9":"first","10":"instock","11":"taxable","12":"shipping-taxable","13":"purchasable","14":"product-type-variable"},"acf":[],"_links":{"self":[{"href":"https:\/\/www.ct-chemie.ch\/fr\/wp-json\/wp\/v2\/product\/15736","targetHints":{"allow":["GET"]}}],"collection":[{"href":"https:\/\/www.ct-chemie.ch\/fr\/wp-json\/wp\/v2\/product"}],"about":[{"href":"https:\/\/www.ct-chemie.ch\/fr\/wp-json\/wp\/v2\/types\/product"}],"replies":[{"embeddable":true,"href":"https:\/\/www.ct-chemie.ch\/fr\/wp-json\/wp\/v2\/comments?post=15736"}],"wp:featuredmedia":[{"embeddable":true,"href":"https:\/\/www.ct-chemie.ch\/fr\/wp-json\/wp\/v2\/media\/37486"}],"wp:attachment":[{"href":"https:\/\/www.ct-chemie.ch\/fr\/wp-json\/wp\/v2\/media?parent=15736"}],"wp:term":[{"taxonomy":"product_cat","embeddable":true,"href":"https:\/\/www.ct-chemie.ch\/fr\/wp-json\/wp\/v2\/product_cat?post=15736"},{"taxonomy":"product_tag","embeddable":true,"href":"https:\/\/www.ct-chemie.ch\/fr\/wp-json\/wp\/v2\/product_tag?post=15736"}],"curies":[{"name":"wp","href":"https:\/\/api.w.org\/{rel}","templated":true}]}}