{"id":17022,"date":"2019-03-04T10:03:00","date_gmt":"2019-03-04T09:03:00","guid":{"rendered":"https:\/\/www.ct-chemie.ch\/?post_type=product&#038;p=17022"},"modified":"2025-08-12T16:13:11","modified_gmt":"2025-08-12T14:13:11","slug":"ceteclean-ceram-net","status":"publish","type":"product","link":"https:\/\/www.ct-chemie.ch\/fr\/produit\/ceteclean-ceram-net\/","title":{"rendered":"CeTeClean Ceram-Net"},"content":{"rendered":"<p>Nettoyant contenant des acides pour l\u2019\u00e9limination rapide et efficace de r\u00e9sidus de calcaire et voiles de ciment sur tous les supports r\u00e9sistants aux acides. Ne produit pas de vapeurs corrosives.<\/p>\n<p>Dosage:\u00a0Nettoyage de base 1:10 \u2013 1:3, nettoyage d\u2019entretien 1%. En cas de d\u00e9p\u00f4ts tenaces r\u00e9p\u00e9ter la proc\u00e9dure.<span class=\"Apple-converted-space\">\u00a0<\/span><\/p>\n<p>Pi\u00e8ce\u00a0\u00e0: 1 l<br \/>\nCarton \u00e0: 6 pce<\/p>\n<p>Pi\u00e8ce \u00e0: 10 l<\/p>\n","protected":false},"excerpt":{"rendered":"<p>Nettoyant pour l\u2019\u00e9limination de r\u00e9sidus de calcaire et voiles de ciment<\/p>\n","protected":false},"featured_media":35062,"comment_status":"closed","ping_status":"closed","template":"","meta":{"_acf_changed":false},"product_cat":[177],"product_tag":[],"class_list":{"0":"post-17022","1":"product","2":"type-product","3":"status-publish","4":"has-post-thumbnail","6":"product_cat-nettoyant-categorie","8":"first","9":"instock","10":"taxable","11":"shipping-taxable","12":"purchasable","13":"product-type-variable"},"acf":[],"_links":{"self":[{"href":"https:\/\/www.ct-chemie.ch\/fr\/wp-json\/wp\/v2\/product\/17022","targetHints":{"allow":["GET"]}}],"collection":[{"href":"https:\/\/www.ct-chemie.ch\/fr\/wp-json\/wp\/v2\/product"}],"about":[{"href":"https:\/\/www.ct-chemie.ch\/fr\/wp-json\/wp\/v2\/types\/product"}],"replies":[{"embeddable":true,"href":"https:\/\/www.ct-chemie.ch\/fr\/wp-json\/wp\/v2\/comments?post=17022"}],"wp:featuredmedia":[{"embeddable":true,"href":"https:\/\/www.ct-chemie.ch\/fr\/wp-json\/wp\/v2\/media\/35062"}],"wp:attachment":[{"href":"https:\/\/www.ct-chemie.ch\/fr\/wp-json\/wp\/v2\/media?parent=17022"}],"wp:term":[{"taxonomy":"product_cat","embeddable":true,"href":"https:\/\/www.ct-chemie.ch\/fr\/wp-json\/wp\/v2\/product_cat?post=17022"},{"taxonomy":"product_tag","embeddable":true,"href":"https:\/\/www.ct-chemie.ch\/fr\/wp-json\/wp\/v2\/product_tag?post=17022"}],"curies":[{"name":"wp","href":"https:\/\/api.w.org\/{rel}","templated":true}]}}