{"id":17518,"date":"2019-06-17T15:44:59","date_gmt":"2019-06-17T13:44:59","guid":{"rendered":"https:\/\/www.ct-chemie.ch\/?post_type=product&#038;p=17518"},"modified":"2025-02-24T15:08:19","modified_gmt":"2025-02-24T14:08:19","slug":"hmk-p303-kopie","status":"publish","type":"product","link":"https:\/\/www.ct-chemie.ch\/fr\/produit\/hmk-p303-kopie\/","title":{"rendered":"HMK Set 08"},"content":{"rendered":"<p>Set d\u2018entretien gr\u00e8s-c\u00e9rames<\/p>\n<p>Set d\u2018entretien pour gr\u00e8s-c\u00e9rames et c\u00e9ramique.<span class=\"Apple-converted-space\">\u00a0<\/span>Contient des produits de nettoyage et d\u2018entretien soigneusement s\u00e9lectionn\u00e9s pour les rev\u00eatements de sol, mur etc.<br \/>\nContient: 250 ml HMK<sup>\u00ae<\/sup> R157 Intensif-Net, HMK<sup>\u00ae<\/sup> P315 Entretien des sols et une \u00e9ponge.<\/p>\n","protected":false},"excerpt":{"rendered":"<p>Set d\u2018entretien gr\u00e8s-c\u00e9rames<\/p>\n","protected":false},"featured_media":35127,"comment_status":"closed","ping_status":"closed","template":"","meta":{"_acf_changed":false},"product_cat":[187,1592],"product_tag":[],"class_list":{"0":"post-17518","1":"product","2":"type-product","3":"status-publish","4":"has-post-thumbnail","6":"product_cat-ceramic-line","7":"product_cat-privat","9":"first","10":"instock","11":"taxable","12":"shipping-taxable","13":"purchasable","14":"product-type-simple"},"acf":[],"_links":{"self":[{"href":"https:\/\/www.ct-chemie.ch\/fr\/wp-json\/wp\/v2\/product\/17518","targetHints":{"allow":["GET"]}}],"collection":[{"href":"https:\/\/www.ct-chemie.ch\/fr\/wp-json\/wp\/v2\/product"}],"about":[{"href":"https:\/\/www.ct-chemie.ch\/fr\/wp-json\/wp\/v2\/types\/product"}],"replies":[{"embeddable":true,"href":"https:\/\/www.ct-chemie.ch\/fr\/wp-json\/wp\/v2\/comments?post=17518"}],"wp:featuredmedia":[{"embeddable":true,"href":"https:\/\/www.ct-chemie.ch\/fr\/wp-json\/wp\/v2\/media\/35127"}],"wp:attachment":[{"href":"https:\/\/www.ct-chemie.ch\/fr\/wp-json\/wp\/v2\/media?parent=17518"}],"wp:term":[{"taxonomy":"product_cat","embeddable":true,"href":"https:\/\/www.ct-chemie.ch\/fr\/wp-json\/wp\/v2\/product_cat?post=17518"},{"taxonomy":"product_tag","embeddable":true,"href":"https:\/\/www.ct-chemie.ch\/fr\/wp-json\/wp\/v2\/product_tag?post=17518"}],"curies":[{"name":"wp","href":"https:\/\/api.w.org\/{rel}","templated":true}]}}