{"id":17601,"date":"2019-06-17T18:45:56","date_gmt":"2019-06-17T16:45:56","guid":{"rendered":"https:\/\/www.ct-chemie.ch\/?post_type=product&#038;p=17601"},"modified":"2025-01-21T10:10:36","modified_gmt":"2025-01-21T09:10:36","slug":"bellinzoni-fibralux-plus-hd","status":"publish","type":"product","link":"https:\/\/www.ct-chemie.ch\/fr\/produit\/bellinzoni-fibralux-plus-hd\/","title":{"rendered":"Bellinzoni Fibralux Plus HD\u00a0"},"content":{"rendered":"<p>Pads de pon\u00e7age pour le pon\u00e7age, rafra\u00eechissement et le polissage du marbre, calcaire et pierre artificielle. Pour \u00e9liminer sans peine les rayures et marques de passage ou taches \u00e0 partir d\u2018acides.<\/p>\n<p>Dimensions: \u00d8 150 mm\/6\u201d, \u00d8 432 mm\/17\u201d<\/p>\n<p>Grains: G 50, G 100, G 200, G 400,<span class=\"Apple-converted-space\">\u00a0<\/span>G 800, G 1500, G 3000, G 5000<\/p>\n<p>&nbsp;<\/p>\n<p><iframe loading=\"lazy\" title=\"FIBRALUX HD PLUS  GRANITE 17&quot; SINGLE BRUSH BELLINZONI\" width=\"980\" height=\"551\" src=\"https:\/\/www.youtube.com\/embed\/endeg3te9rY?feature=oembed\" frameborder=\"0\" allow=\"accelerometer; autoplay; clipboard-write; encrypted-media; gyroscope; picture-in-picture; web-share\" referrerpolicy=\"strict-origin-when-cross-origin\" allowfullscreen><\/iframe><\/p>\n","protected":false},"excerpt":{"rendered":"<p>Pads de poncage sont destin\u00e9e pour la monobrosse et meuleuse d\u2018angle<\/p>\n","protected":false},"featured_media":17575,"comment_status":"closed","ping_status":"closed","template":"","meta":{"_acf_changed":false},"product_cat":[200],"product_tag":[],"class_list":{"0":"post-17601","1":"product","2":"type-product","3":"status-publish","4":"has-post-thumbnail","6":"product_cat-produits-de-poncage-categorie","8":"first","9":"instock","10":"taxable","11":"shipping-taxable","12":"purchasable","13":"product-type-variable"},"acf":[],"_links":{"self":[{"href":"https:\/\/www.ct-chemie.ch\/fr\/wp-json\/wp\/v2\/product\/17601","targetHints":{"allow":["GET"]}}],"collection":[{"href":"https:\/\/www.ct-chemie.ch\/fr\/wp-json\/wp\/v2\/product"}],"about":[{"href":"https:\/\/www.ct-chemie.ch\/fr\/wp-json\/wp\/v2\/types\/product"}],"replies":[{"embeddable":true,"href":"https:\/\/www.ct-chemie.ch\/fr\/wp-json\/wp\/v2\/comments?post=17601"}],"wp:featuredmedia":[{"embeddable":true,"href":"https:\/\/www.ct-chemie.ch\/fr\/wp-json\/wp\/v2\/media\/17575"}],"wp:attachment":[{"href":"https:\/\/www.ct-chemie.ch\/fr\/wp-json\/wp\/v2\/media?parent=17601"}],"wp:term":[{"taxonomy":"product_cat","embeddable":true,"href":"https:\/\/www.ct-chemie.ch\/fr\/wp-json\/wp\/v2\/product_cat?post=17601"},{"taxonomy":"product_tag","embeddable":true,"href":"https:\/\/www.ct-chemie.ch\/fr\/wp-json\/wp\/v2\/product_tag?post=17601"}],"curies":[{"name":"wp","href":"https:\/\/api.w.org\/{rel}","templated":true}]}}