{"id":17964,"date":"2019-08-12T13:34:22","date_gmt":"2019-08-12T11:34:22","guid":{"rendered":"https:\/\/www.ct-chemie.ch\/?post_type=product&#038;p=17964"},"modified":"2024-10-04T17:32:44","modified_gmt":"2024-10-04T15:32:44","slug":"box-double-kopie","status":"publish","type":"product","link":"https:\/\/www.ct-chemie.ch\/fr\/produit\/box-double-kopie\/","title":{"rendered":"Seaux avec des roulettes"},"content":{"rendered":"<p>Seau pratique en plastique \u00e0 roulettes. R\u00e9sistant aux acides, d\u00e9tergents et solvants.<\/p>\n<p>Capacit\u00e9: 22 litres<\/p>\n","protected":false},"excerpt":{"rendered":"<p>Capacit\u00e9: 22 litres<\/p>\n","protected":false},"featured_media":35118,"comment_status":"closed","ping_status":"closed","template":"","meta":{"_acf_changed":false},"product_cat":[173],"product_tag":[],"class_list":{"0":"post-17964","1":"product","2":"type-product","3":"status-publish","4":"has-post-thumbnail","6":"product_cat-accessoires-utensils-fr","8":"first","9":"instock","10":"taxable","11":"shipping-taxable","12":"purchasable","13":"product-type-simple"},"acf":[],"_links":{"self":[{"href":"https:\/\/www.ct-chemie.ch\/fr\/wp-json\/wp\/v2\/product\/17964","targetHints":{"allow":["GET"]}}],"collection":[{"href":"https:\/\/www.ct-chemie.ch\/fr\/wp-json\/wp\/v2\/product"}],"about":[{"href":"https:\/\/www.ct-chemie.ch\/fr\/wp-json\/wp\/v2\/types\/product"}],"replies":[{"embeddable":true,"href":"https:\/\/www.ct-chemie.ch\/fr\/wp-json\/wp\/v2\/comments?post=17964"}],"wp:featuredmedia":[{"embeddable":true,"href":"https:\/\/www.ct-chemie.ch\/fr\/wp-json\/wp\/v2\/media\/35118"}],"wp:attachment":[{"href":"https:\/\/www.ct-chemie.ch\/fr\/wp-json\/wp\/v2\/media?parent=17964"}],"wp:term":[{"taxonomy":"product_cat","embeddable":true,"href":"https:\/\/www.ct-chemie.ch\/fr\/wp-json\/wp\/v2\/product_cat?post=17964"},{"taxonomy":"product_tag","embeddable":true,"href":"https:\/\/www.ct-chemie.ch\/fr\/wp-json\/wp\/v2\/product_tag?post=17964"}],"curies":[{"name":"wp","href":"https:\/\/api.w.org\/{rel}","templated":true}]}}