{"id":18193,"date":"2019-09-04T13:36:08","date_gmt":"2019-09-04T11:36:08","guid":{"rendered":"https:\/\/www.ct-chemie.ch\/?post_type=product&#038;p=18193"},"modified":"2025-01-07T08:56:23","modified_gmt":"2025-01-07T07:56:23","slug":"bellinzoni-petra","status":"publish","type":"product","link":"https:\/\/www.ct-chemie.ch\/fr\/produit\/bellinzoni-petra\/","title":{"rendered":"Bellinzoni Petra"},"content":{"rendered":"<p>Impr\u00e9gnation \u00e0 base d\u2019eau pour des fa\u00e7ades et des rev\u00eatements de sol en pierre naturelle et artificielle, clinker, b\u00e9ton,etc. R\u00e9duit la p\u00e9n\u00e9tration de l\u2018eau et la formation de moisissures.<\/p>\n<p>Certification: ECO 1<\/p>\n<p>Pi\u00e8ce \u00e0: 5 l<br \/>\nCarton \u00e0: 4 pce<\/p>\n<p>Pi\u00e8ce \u00e0: 25 l<\/p>\n","protected":false},"excerpt":{"rendered":"<p>Impr\u00e9gnation \u00e0 base d\u2019eau<\/p>\n","protected":false},"featured_media":34147,"comment_status":"closed","ping_status":"closed","template":"","meta":{"_acf_changed":false},"product_cat":[141],"product_tag":[],"class_list":{"0":"post-18193","1":"product","2":"type-product","3":"status-publish","4":"has-post-thumbnail","6":"product_cat-impregnations","8":"first","9":"instock","10":"taxable","11":"shipping-taxable","12":"purchasable","13":"product-type-variable"},"acf":[],"_links":{"self":[{"href":"https:\/\/www.ct-chemie.ch\/fr\/wp-json\/wp\/v2\/product\/18193","targetHints":{"allow":["GET"]}}],"collection":[{"href":"https:\/\/www.ct-chemie.ch\/fr\/wp-json\/wp\/v2\/product"}],"about":[{"href":"https:\/\/www.ct-chemie.ch\/fr\/wp-json\/wp\/v2\/types\/product"}],"replies":[{"embeddable":true,"href":"https:\/\/www.ct-chemie.ch\/fr\/wp-json\/wp\/v2\/comments?post=18193"}],"wp:featuredmedia":[{"embeddable":true,"href":"https:\/\/www.ct-chemie.ch\/fr\/wp-json\/wp\/v2\/media\/34147"}],"wp:attachment":[{"href":"https:\/\/www.ct-chemie.ch\/fr\/wp-json\/wp\/v2\/media?parent=18193"}],"wp:term":[{"taxonomy":"product_cat","embeddable":true,"href":"https:\/\/www.ct-chemie.ch\/fr\/wp-json\/wp\/v2\/product_cat?post=18193"},{"taxonomy":"product_tag","embeddable":true,"href":"https:\/\/www.ct-chemie.ch\/fr\/wp-json\/wp\/v2\/product_tag?post=18193"}],"curies":[{"name":"wp","href":"https:\/\/api.w.org\/{rel}","templated":true}]}}