{"id":18319,"date":"2019-09-05T11:31:21","date_gmt":"2019-09-05T09:31:21","guid":{"rendered":"https:\/\/www.ct-chemie.ch\/?post_type=product&#038;p=18319"},"modified":"2026-04-17T14:02:43","modified_gmt":"2026-04-17T12:02:43","slug":"pistolets-2k-cete-50","status":"publish","type":"product","link":"https:\/\/www.ct-chemie.ch\/fr\/produit\/pistolets-2k-cete-50\/","title":{"rendered":"CeTe 50"},"content":{"rendered":"<p class=\"p1\">Pistolet sp\u00e9cial robuste pour cartouches d\u2019adh\u00e9sifs bi-composant de 50 ml. Permet un dosage \u00e9conomisant du temps et du mat\u00e9riel et un m\u00e9lange pr\u00e9cis.<\/p>\n","protected":false},"excerpt":{"rendered":"<p>Pour exactement doser et m\u00e9langer<\/p>\n","protected":false},"featured_media":18299,"comment_status":"closed","ping_status":"closed","template":"","meta":{"_acf_changed":false},"product_cat":[139],"product_tag":[],"class_list":{"0":"post-18319","1":"product","2":"type-product","3":"status-publish","4":"has-post-thumbnail","6":"product_cat-epoxyde-categorie","8":"first","9":"instock","10":"taxable","11":"shipping-taxable","12":"purchasable","13":"product-type-simple"},"acf":[],"_links":{"self":[{"href":"https:\/\/www.ct-chemie.ch\/fr\/wp-json\/wp\/v2\/product\/18319","targetHints":{"allow":["GET"]}}],"collection":[{"href":"https:\/\/www.ct-chemie.ch\/fr\/wp-json\/wp\/v2\/product"}],"about":[{"href":"https:\/\/www.ct-chemie.ch\/fr\/wp-json\/wp\/v2\/types\/product"}],"replies":[{"embeddable":true,"href":"https:\/\/www.ct-chemie.ch\/fr\/wp-json\/wp\/v2\/comments?post=18319"}],"wp:featuredmedia":[{"embeddable":true,"href":"https:\/\/www.ct-chemie.ch\/fr\/wp-json\/wp\/v2\/media\/18299"}],"wp:attachment":[{"href":"https:\/\/www.ct-chemie.ch\/fr\/wp-json\/wp\/v2\/media?parent=18319"}],"wp:term":[{"taxonomy":"product_cat","embeddable":true,"href":"https:\/\/www.ct-chemie.ch\/fr\/wp-json\/wp\/v2\/product_cat?post=18319"},{"taxonomy":"product_tag","embeddable":true,"href":"https:\/\/www.ct-chemie.ch\/fr\/wp-json\/wp\/v2\/product_tag?post=18319"}],"curies":[{"name":"wp","href":"https:\/\/api.w.org\/{rel}","templated":true}]}}