{"id":18423,"date":"2019-10-07T09:34:20","date_gmt":"2019-10-07T07:34:20","guid":{"rendered":"https:\/\/www.ct-chemie.ch\/?post_type=product&#038;p=18423"},"modified":"2024-10-01T16:03:48","modified_gmt":"2024-10-01T14:03:48","slug":"cetetape-kompri-bg1","status":"publish","type":"product","link":"https:\/\/www.ct-chemie.ch\/fr\/produit\/cetetape-kompri-bg1\/","title":{"rendered":"CeTeTape Kompri BG1"},"content":{"rendered":"<p>Bande adh\u00e9rante d\u2018un seul c\u00f4t\u00e9, pr\u00e9 comprim\u00e9 constitu\u00e9e de mousse de polyur\u00e9thane, tremp\u00e9e d\u2018un produit acrylique d\u2018impr\u00e9gnation, r\u00e9sistant aux charges UV et aux intemp\u00e9ries, imperm\u00e9able contre la pluie battante \u2265 600 Pa, ouvert \u00e0 la vapeur, r\u00e9sistant \u00e0 l\u2019eau, recouvrable, difficilement \u00e0 enflammer B1.<\/p>\n<p>Dimensions:<br \/>\n10 \/ 1\u20134 mm, rouleau 13 m, Carton \u00e0 30 rouleaux\u00a0(Carton \u00e0 390 m)<br \/>\n15 \/ 2\u20136 mm, rouleau 12 m, Carton \u00e0 20 rouleaux (Carton \u00e0 240 m)<br \/>\n20 \/ 4\u20139 mm, rouleau 8 m, Carton \u00e0 15 rouleaux (Carton \u00e0 120 m)<\/p>\n<p>Tous les rouleaux sont soud\u00e9s individuellement.<\/p>\n<p>Couleur: gris<\/p>\n","protected":false},"excerpt":{"rendered":"<p>Bande adh\u00e9rant d\u2018un seul c\u00f4t\u00e9, pr\u00e9 comprim\u00e9, difficilement \u00e0 enflammer B1<\/p>\n","protected":false},"featured_media":18453,"comment_status":"closed","ping_status":"closed","template":"","meta":{"_acf_changed":false},"product_cat":[1268],"product_tag":[],"class_list":{"0":"post-18423","1":"product","2":"type-product","3":"status-publish","4":"has-post-thumbnail","6":"product_cat-bande-pre-comprime-bande-de-butyle","8":"first","9":"instock","10":"taxable","11":"shipping-taxable","12":"purchasable","13":"product-type-variable"},"acf":[],"_links":{"self":[{"href":"https:\/\/www.ct-chemie.ch\/fr\/wp-json\/wp\/v2\/product\/18423","targetHints":{"allow":["GET"]}}],"collection":[{"href":"https:\/\/www.ct-chemie.ch\/fr\/wp-json\/wp\/v2\/product"}],"about":[{"href":"https:\/\/www.ct-chemie.ch\/fr\/wp-json\/wp\/v2\/types\/product"}],"replies":[{"embeddable":true,"href":"https:\/\/www.ct-chemie.ch\/fr\/wp-json\/wp\/v2\/comments?post=18423"}],"wp:featuredmedia":[{"embeddable":true,"href":"https:\/\/www.ct-chemie.ch\/fr\/wp-json\/wp\/v2\/media\/18453"}],"wp:attachment":[{"href":"https:\/\/www.ct-chemie.ch\/fr\/wp-json\/wp\/v2\/media?parent=18423"}],"wp:term":[{"taxonomy":"product_cat","embeddable":true,"href":"https:\/\/www.ct-chemie.ch\/fr\/wp-json\/wp\/v2\/product_cat?post=18423"},{"taxonomy":"product_tag","embeddable":true,"href":"https:\/\/www.ct-chemie.ch\/fr\/wp-json\/wp\/v2\/product_tag?post=18423"}],"curies":[{"name":"wp","href":"https:\/\/api.w.org\/{rel}","templated":true}]}}