{"id":18595,"date":"2019-10-10T09:25:13","date_gmt":"2019-10-10T07:25:13","guid":{"rendered":"https:\/\/www.ct-chemie.ch\/?post_type=product&#038;p=18595"},"modified":"2026-04-17T15:31:48","modified_gmt":"2026-04-17T13:31:48","slug":"azett-vario-stop-rapid","status":"publish","type":"product","link":"https:\/\/www.ct-chemie.ch\/fr\/produit\/azett-vario-stop-rapid\/","title":{"rendered":"Azett Vario Stop rapid"},"content":{"rendered":"<p class=\"p1\">Cr\u00e8me protectrice contre les changements de stress cutan\u00e9 dans les zones de travail aqueuses et non aqueuses. R\u00e9duit la mac\u00e9ration lors du port de gants.<\/p>\n<p>Pi\u00e8ce \u00e0: 100 ml tube<br \/>\nCarton \u00e0: 25 pce<\/p>\n<p>Pi\u00e8ce \u00e0: 1 l DermoMat<br \/>\nCarton \u00e0: 6 pce<\/p>\n","protected":false},"excerpt":{"rendered":"<p>Cr\u00e8me protectrice contre les changements de stress cutan\u00e9 dans les zones de travail aqueuses et non aqueuses<\/p>\n","protected":false},"featured_media":35016,"comment_status":"closed","ping_status":"closed","template":"","meta":{"_acf_changed":false},"product_cat":[1560],"product_tag":[],"class_list":{"0":"post-18595","1":"product","2":"type-product","3":"status-publish","4":"has-post-thumbnail","6":"product_cat-protection-de-la-peau","8":"first","9":"instock","10":"taxable","11":"shipping-taxable","12":"purchasable","13":"product-type-variable"},"acf":[],"_links":{"self":[{"href":"https:\/\/www.ct-chemie.ch\/fr\/wp-json\/wp\/v2\/product\/18595","targetHints":{"allow":["GET"]}}],"collection":[{"href":"https:\/\/www.ct-chemie.ch\/fr\/wp-json\/wp\/v2\/product"}],"about":[{"href":"https:\/\/www.ct-chemie.ch\/fr\/wp-json\/wp\/v2\/types\/product"}],"replies":[{"embeddable":true,"href":"https:\/\/www.ct-chemie.ch\/fr\/wp-json\/wp\/v2\/comments?post=18595"}],"wp:featuredmedia":[{"embeddable":true,"href":"https:\/\/www.ct-chemie.ch\/fr\/wp-json\/wp\/v2\/media\/35016"}],"wp:attachment":[{"href":"https:\/\/www.ct-chemie.ch\/fr\/wp-json\/wp\/v2\/media?parent=18595"}],"wp:term":[{"taxonomy":"product_cat","embeddable":true,"href":"https:\/\/www.ct-chemie.ch\/fr\/wp-json\/wp\/v2\/product_cat?post=18595"},{"taxonomy":"product_tag","embeddable":true,"href":"https:\/\/www.ct-chemie.ch\/fr\/wp-json\/wp\/v2\/product_tag?post=18595"}],"curies":[{"name":"wp","href":"https:\/\/api.w.org\/{rel}","templated":true}]}}