{"id":18710,"date":"2019-10-17T09:52:05","date_gmt":"2019-10-17T07:52:05","guid":{"rendered":"https:\/\/www.ct-chemie.ch\/?post_type=product&#038;p=18710"},"modified":"2026-02-14T14:25:52","modified_gmt":"2026-02-14T13:25:52","slug":"ceteclean-micro","status":"publish","type":"product","link":"https:\/\/www.ct-chemie.ch\/fr\/produit\/ceteclean-micro\/","title":{"rendered":"CeTeClean Micro"},"content":{"rendered":"<p>Lait \u00e0 r\u00e9curer sp\u00e9cial alcalin pour \u00e9liminer les salissures tenaces telles que les r\u00e9sidus de plastique et de polym\u00e8re en combinaison avec des nettoyants alcalins sur la plupart des surfaces en c\u00e9ramique et en gr\u00e8s c\u00e9rame. Contient des abrasifs sp\u00e9ciaux doux et des d\u00e9tergents facilement d\u00e9gradables.<\/p>\n<p>Pi\u00e8ce \u00e0: 500 ml<\/p>\n","protected":false},"excerpt":{"rendered":"<p>Lait \u00e0 r\u00e9curer sp\u00e9cial alcalin<\/p>\n","protected":false},"featured_media":35085,"comment_status":"closed","ping_status":"closed","template":"","meta":{"_acf_changed":false},"product_cat":[177],"product_tag":[],"class_list":{"0":"post-18710","1":"product","2":"type-product","3":"status-publish","4":"has-post-thumbnail","6":"product_cat-nettoyant-categorie","8":"first","9":"instock","10":"taxable","11":"shipping-taxable","12":"purchasable","13":"product-type-simple"},"acf":[],"_links":{"self":[{"href":"https:\/\/www.ct-chemie.ch\/fr\/wp-json\/wp\/v2\/product\/18710","targetHints":{"allow":["GET"]}}],"collection":[{"href":"https:\/\/www.ct-chemie.ch\/fr\/wp-json\/wp\/v2\/product"}],"about":[{"href":"https:\/\/www.ct-chemie.ch\/fr\/wp-json\/wp\/v2\/types\/product"}],"replies":[{"embeddable":true,"href":"https:\/\/www.ct-chemie.ch\/fr\/wp-json\/wp\/v2\/comments?post=18710"}],"wp:featuredmedia":[{"embeddable":true,"href":"https:\/\/www.ct-chemie.ch\/fr\/wp-json\/wp\/v2\/media\/35085"}],"wp:attachment":[{"href":"https:\/\/www.ct-chemie.ch\/fr\/wp-json\/wp\/v2\/media?parent=18710"}],"wp:term":[{"taxonomy":"product_cat","embeddable":true,"href":"https:\/\/www.ct-chemie.ch\/fr\/wp-json\/wp\/v2\/product_cat?post=18710"},{"taxonomy":"product_tag","embeddable":true,"href":"https:\/\/www.ct-chemie.ch\/fr\/wp-json\/wp\/v2\/product_tag?post=18710"}],"curies":[{"name":"wp","href":"https:\/\/api.w.org\/{rel}","templated":true}]}}