{"id":18728,"date":"2019-10-17T10:10:12","date_gmt":"2019-10-17T08:10:12","guid":{"rendered":"https:\/\/www.ct-chemie.ch\/?post_type=product&#038;p=18728"},"modified":"2024-12-18T14:22:54","modified_gmt":"2024-12-18T13:22:54","slug":"ceteclean-vitro-clear","status":"publish","type":"product","link":"https:\/\/www.ct-chemie.ch\/fr\/produit\/ceteclean-vitro-clear\/","title":{"rendered":"CeTeClean Vitro-Clear"},"content":{"rendered":"<p class=\"p1\">Nettoyant de verre, concentr\u00e9. Pour le nettoyage en profondeur et sans laisser de traces. Fort pouvoir d\u00e9tachant pour verres, miroirs, surfaces laqu\u00e9es etc.<\/p>\n<p>Dosage: Pur ou dilu\u00e9<\/p>\n<p>Pi\u00e8ce\u00a0\u00e0: 1 l<br \/>\nCarton \u00e0: 6 pce<\/p>\n<p>Pi\u00e8ce\u00a0\u00e0: 10 l<\/p>\n","protected":false},"excerpt":{"rendered":"<p>Nettoyage de verre, concentr\u00e9<\/p>\n","protected":false},"featured_media":35104,"comment_status":"closed","ping_status":"closed","template":"","meta":{"_acf_changed":false},"product_cat":[177],"product_tag":[],"class_list":{"0":"post-18728","1":"product","2":"type-product","3":"status-publish","4":"has-post-thumbnail","6":"product_cat-nettoyant-categorie","8":"first","9":"instock","10":"taxable","11":"shipping-taxable","12":"purchasable","13":"product-type-variable"},"acf":[],"_links":{"self":[{"href":"https:\/\/www.ct-chemie.ch\/fr\/wp-json\/wp\/v2\/product\/18728","targetHints":{"allow":["GET"]}}],"collection":[{"href":"https:\/\/www.ct-chemie.ch\/fr\/wp-json\/wp\/v2\/product"}],"about":[{"href":"https:\/\/www.ct-chemie.ch\/fr\/wp-json\/wp\/v2\/types\/product"}],"replies":[{"embeddable":true,"href":"https:\/\/www.ct-chemie.ch\/fr\/wp-json\/wp\/v2\/comments?post=18728"}],"wp:featuredmedia":[{"embeddable":true,"href":"https:\/\/www.ct-chemie.ch\/fr\/wp-json\/wp\/v2\/media\/35104"}],"wp:attachment":[{"href":"https:\/\/www.ct-chemie.ch\/fr\/wp-json\/wp\/v2\/media?parent=18728"}],"wp:term":[{"taxonomy":"product_cat","embeddable":true,"href":"https:\/\/www.ct-chemie.ch\/fr\/wp-json\/wp\/v2\/product_cat?post=18728"},{"taxonomy":"product_tag","embeddable":true,"href":"https:\/\/www.ct-chemie.ch\/fr\/wp-json\/wp\/v2\/product_tag?post=18728"}],"curies":[{"name":"wp","href":"https:\/\/api.w.org\/{rel}","templated":true}]}}