{"id":18911,"date":"2019-10-21T16:53:02","date_gmt":"2019-10-21T14:53:02","guid":{"rendered":"https:\/\/www.ct-chemie.ch\/?post_type=product&#038;p=18911"},"modified":"2024-10-02T13:56:28","modified_gmt":"2024-10-02T11:56:28","slug":"phoenix-43es-monobrosse-kopie","status":"publish","type":"product","link":"https:\/\/www.ct-chemie.ch\/fr\/produit\/phoenix-43es-monobrosse-kopie\/","title":{"rendered":"R\u00e9servoir"},"content":{"rendered":"<p>R\u00e9servoir 12 litre, en mati\u00e8re plastique pour la monobrosse Phoenix 43ES.<\/p>\n","protected":false},"excerpt":{"rendered":"<p>12 litre, en mati\u00e8re plastique<\/p>\n","protected":false},"featured_media":18902,"comment_status":"closed","ping_status":"closed","template":"","meta":{"_acf_changed":false},"product_cat":[137,1257],"product_tag":[],"class_list":{"0":"post-18911","1":"product","2":"type-product","3":"status-publish","4":"has-post-thumbnail","6":"product_cat-bellinzoni-categorie","7":"product_cat-machines-categorie-fr","9":"first","10":"instock","11":"taxable","12":"shipping-taxable","13":"purchasable","14":"product-type-simple"},"acf":[],"_links":{"self":[{"href":"https:\/\/www.ct-chemie.ch\/fr\/wp-json\/wp\/v2\/product\/18911","targetHints":{"allow":["GET"]}}],"collection":[{"href":"https:\/\/www.ct-chemie.ch\/fr\/wp-json\/wp\/v2\/product"}],"about":[{"href":"https:\/\/www.ct-chemie.ch\/fr\/wp-json\/wp\/v2\/types\/product"}],"replies":[{"embeddable":true,"href":"https:\/\/www.ct-chemie.ch\/fr\/wp-json\/wp\/v2\/comments?post=18911"}],"wp:featuredmedia":[{"embeddable":true,"href":"https:\/\/www.ct-chemie.ch\/fr\/wp-json\/wp\/v2\/media\/18902"}],"wp:attachment":[{"href":"https:\/\/www.ct-chemie.ch\/fr\/wp-json\/wp\/v2\/media?parent=18911"}],"wp:term":[{"taxonomy":"product_cat","embeddable":true,"href":"https:\/\/www.ct-chemie.ch\/fr\/wp-json\/wp\/v2\/product_cat?post=18911"},{"taxonomy":"product_tag","embeddable":true,"href":"https:\/\/www.ct-chemie.ch\/fr\/wp-json\/wp\/v2\/product_tag?post=18911"}],"curies":[{"name":"wp","href":"https:\/\/api.w.org\/{rel}","templated":true}]}}