{"id":18929,"date":"2019-10-21T17:18:45","date_gmt":"2019-10-21T15:18:45","guid":{"rendered":"https:\/\/www.ct-chemie.ch\/?post_type=product&#038;p=18929"},"modified":"2024-10-02T14:24:33","modified_gmt":"2024-10-02T12:24:33","slug":"brosse-en-nylon-kopie-2","status":"publish","type":"product","link":"https:\/\/www.ct-chemie.ch\/fr\/produit\/brosse-en-nylon-kopie-2\/","title":{"rendered":"Planetary Disc"},"content":{"rendered":"<p>Disque ponceur plan\u00e9taire en acier avec trois plateaux de r\u00e9ception velcro auto-rotatif pour le pon\u00e7age de pierre naturelle ou artificielle, convient pour la monobrosse Phoenix 43ES.<\/p>\n<p>Poids: 8 kg.<\/p>\n","protected":false},"excerpt":{"rendered":"<p>Disque ponceur plan\u00e9taire en acier, 8 kg<\/p>\n","protected":false},"featured_media":18893,"comment_status":"closed","ping_status":"closed","template":"","meta":{"_acf_changed":false},"product_cat":[137,1257],"product_tag":[],"class_list":{"0":"post-18929","1":"product","2":"type-product","3":"status-publish","4":"has-post-thumbnail","6":"product_cat-bellinzoni-categorie","7":"product_cat-machines-categorie-fr","9":"first","10":"instock","11":"taxable","12":"shipping-taxable","13":"purchasable","14":"product-type-simple"},"acf":[],"_links":{"self":[{"href":"https:\/\/www.ct-chemie.ch\/fr\/wp-json\/wp\/v2\/product\/18929","targetHints":{"allow":["GET"]}}],"collection":[{"href":"https:\/\/www.ct-chemie.ch\/fr\/wp-json\/wp\/v2\/product"}],"about":[{"href":"https:\/\/www.ct-chemie.ch\/fr\/wp-json\/wp\/v2\/types\/product"}],"replies":[{"embeddable":true,"href":"https:\/\/www.ct-chemie.ch\/fr\/wp-json\/wp\/v2\/comments?post=18929"}],"wp:featuredmedia":[{"embeddable":true,"href":"https:\/\/www.ct-chemie.ch\/fr\/wp-json\/wp\/v2\/media\/18893"}],"wp:attachment":[{"href":"https:\/\/www.ct-chemie.ch\/fr\/wp-json\/wp\/v2\/media?parent=18929"}],"wp:term":[{"taxonomy":"product_cat","embeddable":true,"href":"https:\/\/www.ct-chemie.ch\/fr\/wp-json\/wp\/v2\/product_cat?post=18929"},{"taxonomy":"product_tag","embeddable":true,"href":"https:\/\/www.ct-chemie.ch\/fr\/wp-json\/wp\/v2\/product_tag?post=18929"}],"curies":[{"name":"wp","href":"https:\/\/api.w.org\/{rel}","templated":true}]}}