{"id":22261,"date":"2020-11-16T12:23:44","date_gmt":"2020-11-16T11:23:44","guid":{"rendered":"https:\/\/www.ct-chemie.ch\/?post_type=product&#038;p=22261"},"modified":"2026-04-14T11:53:11","modified_gmt":"2026-04-14T09:53:11","slug":"hmk-r195","status":"publish","type":"product","link":"https:\/\/www.ct-chemie.ch\/fr\/produit\/hmk-r195\/","title":{"rendered":"HMK R195"},"content":{"rendered":"<p>Outdoor-Cleaner<br \/>\nHMK R195 est un nettoyant sp\u00e9cial ultra-actif pr\u00eat \u00e0 l\u2019usage pour les zones ext\u00e9rieures. Il est auto-agissant et d\u00e9tache rapidement et efficacement les salissures g\u00e9n\u00e9rales, d\u00e9colorations et d\u00e9p\u00f4ts tenaces sur les surfaces ext\u00e9rieures, telles que des voies de passage, escaliers, terrasses, murs, voies d\u2019acc\u00e8s en pierre naturelle, dalles en b\u00e9ton, pierre artificielle, gr\u00e8s c\u00e9rame et c\u00e9ramique ainsi que bien d\u2019autres.<\/p>\n<p>Pi\u00e8ce \u00e0: 1 l<br \/>\nCarton \u00e0: 12 pce<\/p>\n<p>Pi\u00e8ce \u00e0: 5 l<br \/>\nCarton \u00e0: 2 pce<\/p>\n","protected":false},"excerpt":{"rendered":"<p>Outdoor-Cleaner<\/p>\n","protected":false},"featured_media":37492,"comment_status":"closed","ping_status":"closed","template":"","meta":{"_acf_changed":false},"product_cat":[189,1592],"product_tag":[],"class_list":{"0":"post-22261","1":"product","2":"type-product","3":"status-publish","4":"has-post-thumbnail","6":"product_cat-basic-line","7":"product_cat-privat","9":"first","10":"instock","11":"taxable","12":"shipping-taxable","13":"purchasable","14":"product-type-variable"},"acf":[],"_links":{"self":[{"href":"https:\/\/www.ct-chemie.ch\/fr\/wp-json\/wp\/v2\/product\/22261","targetHints":{"allow":["GET"]}}],"collection":[{"href":"https:\/\/www.ct-chemie.ch\/fr\/wp-json\/wp\/v2\/product"}],"about":[{"href":"https:\/\/www.ct-chemie.ch\/fr\/wp-json\/wp\/v2\/types\/product"}],"replies":[{"embeddable":true,"href":"https:\/\/www.ct-chemie.ch\/fr\/wp-json\/wp\/v2\/comments?post=22261"}],"wp:featuredmedia":[{"embeddable":true,"href":"https:\/\/www.ct-chemie.ch\/fr\/wp-json\/wp\/v2\/media\/37492"}],"wp:attachment":[{"href":"https:\/\/www.ct-chemie.ch\/fr\/wp-json\/wp\/v2\/media?parent=22261"}],"wp:term":[{"taxonomy":"product_cat","embeddable":true,"href":"https:\/\/www.ct-chemie.ch\/fr\/wp-json\/wp\/v2\/product_cat?post=22261"},{"taxonomy":"product_tag","embeddable":true,"href":"https:\/\/www.ct-chemie.ch\/fr\/wp-json\/wp\/v2\/product_tag?post=22261"}],"curies":[{"name":"wp","href":"https:\/\/api.w.org\/{rel}","templated":true}]}}