{"id":22326,"date":"2020-11-16T12:57:08","date_gmt":"2020-11-16T11:57:08","guid":{"rendered":"https:\/\/www.ct-chemie.ch\/?post_type=product&#038;p=22326"},"modified":"2025-02-17T17:46:11","modified_gmt":"2025-02-17T16:46:11","slug":"hmk-r197","status":"publish","type":"product","link":"https:\/\/www.ct-chemie.ch\/fr\/produit\/hmk-r197\/","title":{"rendered":"HMK R197"},"content":{"rendered":"<p>Exterior-Cleaner<br \/>\nHMK R197 est un nettoyant sp\u00e9cial (concentr\u00e9) pour les zones ext\u00e9rieures, exempt de chlore et d\u2019acide. Il est auto-agissant et d\u00e9tache et \u00e9limine sans effort les salissures g\u00e9n\u00e9rales et d\u00e9p\u00f4ts des surfaces ext\u00e9rieures, telles que les voies de passage, murs, escaliers, zones d\u2019acc\u00e8s en pierre naturelle, pierre artificielle, dalles en b\u00e9ton, c\u00e9ramique et gr\u00e8s c\u00e9rame.<\/p>\n<p>Pi\u00e8ce \u00e0: 1 l<br \/>\nCarton \u00e0: 12 pce<\/p>\n<p>Pi\u00e8ce \u00e0: 5 l<br \/>\nCarton \u00e0: 2 pce<\/p>\n","protected":false},"excerpt":{"rendered":"<p>Exterior-Cleaner<\/p>\n","protected":false},"featured_media":37498,"comment_status":"closed","ping_status":"closed","template":"","meta":{"_acf_changed":false},"product_cat":[189,1592],"product_tag":[],"class_list":{"0":"post-22326","1":"product","2":"type-product","3":"status-publish","4":"has-post-thumbnail","6":"product_cat-basic-line","7":"product_cat-privat","9":"first","10":"instock","11":"taxable","12":"shipping-taxable","13":"purchasable","14":"product-type-variable"},"acf":[],"_links":{"self":[{"href":"https:\/\/www.ct-chemie.ch\/fr\/wp-json\/wp\/v2\/product\/22326","targetHints":{"allow":["GET"]}}],"collection":[{"href":"https:\/\/www.ct-chemie.ch\/fr\/wp-json\/wp\/v2\/product"}],"about":[{"href":"https:\/\/www.ct-chemie.ch\/fr\/wp-json\/wp\/v2\/types\/product"}],"replies":[{"embeddable":true,"href":"https:\/\/www.ct-chemie.ch\/fr\/wp-json\/wp\/v2\/comments?post=22326"}],"wp:featuredmedia":[{"embeddable":true,"href":"https:\/\/www.ct-chemie.ch\/fr\/wp-json\/wp\/v2\/media\/37498"}],"wp:attachment":[{"href":"https:\/\/www.ct-chemie.ch\/fr\/wp-json\/wp\/v2\/media?parent=22326"}],"wp:term":[{"taxonomy":"product_cat","embeddable":true,"href":"https:\/\/www.ct-chemie.ch\/fr\/wp-json\/wp\/v2\/product_cat?post=22326"},{"taxonomy":"product_tag","embeddable":true,"href":"https:\/\/www.ct-chemie.ch\/fr\/wp-json\/wp\/v2\/product_tag?post=22326"}],"curies":[{"name":"wp","href":"https:\/\/api.w.org\/{rel}","templated":true}]}}