{"id":22386,"date":"2020-11-23T10:40:36","date_gmt":"2020-11-23T09:40:36","guid":{"rendered":"https:\/\/www.ct-chemie.ch\/?post_type=product&#038;p=22386"},"modified":"2026-01-20T14:43:08","modified_gmt":"2026-01-20T13:43:08","slug":"ceteflex-ms-50","status":"publish","type":"product","link":"https:\/\/www.ct-chemie.ch\/fr\/produit\/ceteflex-ms-50\/","title":{"rendered":"CeTeFlex MS 50"},"content":{"rendered":"<p>Adh\u00e9sif et materiau d\u2018\u00e9tancheit\u00e9 mono-composant hautement transparent (MS polym\u00e8res), pour coller le bois, m\u00e9tal, PVC-dur, c\u00e9ramique, pierres artificielles, panneaux. Recouvrable, exempte de silicone, d\u2019isocyanate et du solvant. Utiliser uniquement \u00e0 l\u2019int\u00e9rieur Env. 10% adaptation au mouvement.<\/p>\n<p>R\u00e9sistance \u00e0 la temp\u00e9rature -40\u00b0 C \u2013 +90\u00b0 C.<\/p>\n<p>Certification: ECO 2.<\/p>\n<p>Cartouche \u00e0: 290 ml<br \/>\nCarton \u00e0: 12 pce<\/p>\n","protected":false},"excerpt":{"rendered":"<p>Adh\u00e9sif et materiau d\u2018\u00e9tancheit\u00e9 mono-composant (MS polym\u00e8res)<\/p>\n","protected":false},"featured_media":34895,"comment_status":"closed","ping_status":"closed","template":"","meta":{"_acf_changed":false},"product_cat":[151],"product_tag":[],"class_list":{"0":"post-22386","1":"product","2":"type-product","3":"status-publish","4":"has-post-thumbnail","6":"product_cat-colles-categorie","8":"first","9":"instock","10":"taxable","11":"shipping-taxable","12":"purchasable","13":"product-type-variable"},"acf":[],"_links":{"self":[{"href":"https:\/\/www.ct-chemie.ch\/fr\/wp-json\/wp\/v2\/product\/22386","targetHints":{"allow":["GET"]}}],"collection":[{"href":"https:\/\/www.ct-chemie.ch\/fr\/wp-json\/wp\/v2\/product"}],"about":[{"href":"https:\/\/www.ct-chemie.ch\/fr\/wp-json\/wp\/v2\/types\/product"}],"replies":[{"embeddable":true,"href":"https:\/\/www.ct-chemie.ch\/fr\/wp-json\/wp\/v2\/comments?post=22386"}],"wp:featuredmedia":[{"embeddable":true,"href":"https:\/\/www.ct-chemie.ch\/fr\/wp-json\/wp\/v2\/media\/34895"}],"wp:attachment":[{"href":"https:\/\/www.ct-chemie.ch\/fr\/wp-json\/wp\/v2\/media?parent=22386"}],"wp:term":[{"taxonomy":"product_cat","embeddable":true,"href":"https:\/\/www.ct-chemie.ch\/fr\/wp-json\/wp\/v2\/product_cat?post=22386"},{"taxonomy":"product_tag","embeddable":true,"href":"https:\/\/www.ct-chemie.ch\/fr\/wp-json\/wp\/v2\/product_tag?post=22386"}],"curies":[{"name":"wp","href":"https:\/\/api.w.org\/{rel}","templated":true}]}}