{"id":23180,"date":"2021-03-29T09:13:55","date_gmt":"2021-03-29T07:13:55","guid":{"rendered":"https:\/\/www.ct-chemie.ch\/?post_type=product&#038;p=23180"},"modified":"2024-08-28T13:59:26","modified_gmt":"2024-08-28T11:59:26","slug":"champ","status":"publish","type":"product","link":"https:\/\/www.ct-chemie.ch\/fr\/produit\/champ\/","title":{"rendered":"Champ"},"content":{"rendered":"<p>Gomme de lissage en mati\u00e8re plastique robuste de couleur bleue \u00e0 diff\u00e9rents angles et arrondi. Pour liss\u00e9 tous les masses d\u2019\u00e9tanch\u00e9it\u00e9.<\/p>\n<p>radius 6\/8\/10\/14<\/p>\n<p>&nbsp;<\/p>\n<p><strong>Jusqu\u2018\u00e0 \u00e9puisement des stocks.<\/strong><\/p>\n","protected":false},"excerpt":{"rendered":"<p>Gomme de lissage \u00e0 diff\u00e9rents angles et arrondi<\/p>\n","protected":false},"featured_media":23191,"comment_status":"closed","ping_status":"closed","template":"","meta":{"_acf_changed":false},"product_cat":[167],"product_tag":[],"class_list":{"0":"post-23180","1":"product","2":"type-product","3":"status-publish","4":"has-post-thumbnail","6":"product_cat-accessoires","8":"first","9":"instock","10":"taxable","11":"shipping-taxable","12":"purchasable","13":"product-type-variable"},"acf":[],"_links":{"self":[{"href":"https:\/\/www.ct-chemie.ch\/fr\/wp-json\/wp\/v2\/product\/23180","targetHints":{"allow":["GET"]}}],"collection":[{"href":"https:\/\/www.ct-chemie.ch\/fr\/wp-json\/wp\/v2\/product"}],"about":[{"href":"https:\/\/www.ct-chemie.ch\/fr\/wp-json\/wp\/v2\/types\/product"}],"replies":[{"embeddable":true,"href":"https:\/\/www.ct-chemie.ch\/fr\/wp-json\/wp\/v2\/comments?post=23180"}],"wp:featuredmedia":[{"embeddable":true,"href":"https:\/\/www.ct-chemie.ch\/fr\/wp-json\/wp\/v2\/media\/23191"}],"wp:attachment":[{"href":"https:\/\/www.ct-chemie.ch\/fr\/wp-json\/wp\/v2\/media?parent=23180"}],"wp:term":[{"taxonomy":"product_cat","embeddable":true,"href":"https:\/\/www.ct-chemie.ch\/fr\/wp-json\/wp\/v2\/product_cat?post=23180"},{"taxonomy":"product_tag","embeddable":true,"href":"https:\/\/www.ct-chemie.ch\/fr\/wp-json\/wp\/v2\/product_tag?post=23180"}],"curies":[{"name":"wp","href":"https:\/\/api.w.org\/{rel}","templated":true}]}}