{"id":24252,"date":"2021-08-16T13:07:30","date_gmt":"2021-08-16T11:07:30","guid":{"rendered":"https:\/\/www.ct-chemie.ch\/?post_type=product&#038;p=24252"},"modified":"2026-01-27T18:06:22","modified_gmt":"2026-01-27T17:06:22","slug":"cetetape-alutec","status":"publish","type":"product","link":"https:\/\/www.ct-chemie.ch\/fr\/produit\/cetetape-alutec\/","title":{"rendered":"CeTeTape AluTec"},"content":{"rendered":"<p>Ruban en butyle avec rev\u00eatement en aluminium, durablement \u00e9tanche \u00e0 l\u2019eau, flexible, anti-d\u00e9chirure, tr\u00e8s r\u00e9sistant au vieillissement. Pour coller et \u00e9tanch\u00e9ifier des joints et raccordements. Colle sur des m\u00e9taux ainsi que sur la plupart des plastiques, briques, b\u00e9ton, bois, etc.<\/p>\n<p>Dimensions:<br \/>\n40 mm, 14 Rouleaux par carton<br \/>\n50 mm, 12 Rouleaux par carton<br \/>\n75 mm, 8 Rouleaux par carton<br \/>\n100 mm, 6 Rouleaux par carton<br \/>\n150 mm, 4 Rouleaux par carton<br \/>\n225\u00a0mm*, 2 Rouleaux par carton<br \/>\n300 mm*, \u00a02 Rouleaux par carton<\/p>\n<p>*sur commande<\/p>\n","protected":false},"excerpt":{"rendered":"<p>Ruban en butyle avec rev\u00eatement en aluminium<\/p>\n","protected":false},"featured_media":24246,"comment_status":"closed","ping_status":"closed","template":"","meta":{"_acf_changed":false},"product_cat":[1268],"product_tag":[],"class_list":{"0":"post-24252","1":"product","2":"type-product","3":"status-publish","4":"has-post-thumbnail","6":"product_cat-bande-pre-comprime-bande-de-butyle","8":"first","9":"instock","10":"taxable","11":"shipping-taxable","12":"purchasable","13":"product-type-variable"},"acf":[],"_links":{"self":[{"href":"https:\/\/www.ct-chemie.ch\/fr\/wp-json\/wp\/v2\/product\/24252","targetHints":{"allow":["GET"]}}],"collection":[{"href":"https:\/\/www.ct-chemie.ch\/fr\/wp-json\/wp\/v2\/product"}],"about":[{"href":"https:\/\/www.ct-chemie.ch\/fr\/wp-json\/wp\/v2\/types\/product"}],"replies":[{"embeddable":true,"href":"https:\/\/www.ct-chemie.ch\/fr\/wp-json\/wp\/v2\/comments?post=24252"}],"wp:featuredmedia":[{"embeddable":true,"href":"https:\/\/www.ct-chemie.ch\/fr\/wp-json\/wp\/v2\/media\/24246"}],"wp:attachment":[{"href":"https:\/\/www.ct-chemie.ch\/fr\/wp-json\/wp\/v2\/media?parent=24252"}],"wp:term":[{"taxonomy":"product_cat","embeddable":true,"href":"https:\/\/www.ct-chemie.ch\/fr\/wp-json\/wp\/v2\/product_cat?post=24252"},{"taxonomy":"product_tag","embeddable":true,"href":"https:\/\/www.ct-chemie.ch\/fr\/wp-json\/wp\/v2\/product_tag?post=24252"}],"curies":[{"name":"wp","href":"https:\/\/api.w.org\/{rel}","templated":true}]}}