{"id":24287,"date":"2021-08-16T13:35:14","date_gmt":"2021-08-16T11:35:14","guid":{"rendered":"https:\/\/www.ct-chemie.ch\/?post_type=product&#038;p=24287"},"modified":"2026-01-27T18:16:41","modified_gmt":"2026-01-27T17:16:41","slug":"cetetape-fixtec","status":"publish","type":"product","link":"https:\/\/www.ct-chemie.ch\/fr\/produit\/cetetape-fixtec\/","title":{"rendered":"CeTeTape FixTec &#8211; Cordon rond"},"content":{"rendered":"<p>Ruban en butyle flexible, sans support, r\u00e9sistant durablement \u00e0 l\u2019eau, avec une r\u00e9sistance tr\u00e8s \u00e9lev\u00e9e au vieillissement. Pour \u00e9tanch\u00e9ifier et fixer des mat\u00e9riaux m\u00e9talliques et non-m\u00e9talliques et sert d\u2019absorbeur de vibrations et de protection contre la corrosion.<\/p>\n<p>Dimensions:<br \/>\n\u00d8 6 mm, 12 Rouleaux par carton<br \/>\n\u00d8 8 mm, 18 Rouleaux par carton<\/p>\n","protected":false},"excerpt":{"rendered":"<p>Ruban d\u2019\u00e9tanch\u00e9it\u00e9 en butyle, adh\u00e9sif double faces, avec soul\u00e8vement des doigts<\/p>\n","protected":false},"featured_media":24249,"comment_status":"closed","ping_status":"closed","template":"","meta":{"_acf_changed":false},"product_cat":[1268],"product_tag":[],"class_list":{"0":"post-24287","1":"product","2":"type-product","3":"status-publish","4":"has-post-thumbnail","6":"product_cat-bande-pre-comprime-bande-de-butyle","8":"first","9":"instock","10":"taxable","11":"shipping-taxable","12":"purchasable","13":"product-type-variable"},"acf":[],"_links":{"self":[{"href":"https:\/\/www.ct-chemie.ch\/fr\/wp-json\/wp\/v2\/product\/24287","targetHints":{"allow":["GET"]}}],"collection":[{"href":"https:\/\/www.ct-chemie.ch\/fr\/wp-json\/wp\/v2\/product"}],"about":[{"href":"https:\/\/www.ct-chemie.ch\/fr\/wp-json\/wp\/v2\/types\/product"}],"replies":[{"embeddable":true,"href":"https:\/\/www.ct-chemie.ch\/fr\/wp-json\/wp\/v2\/comments?post=24287"}],"wp:featuredmedia":[{"embeddable":true,"href":"https:\/\/www.ct-chemie.ch\/fr\/wp-json\/wp\/v2\/media\/24249"}],"wp:attachment":[{"href":"https:\/\/www.ct-chemie.ch\/fr\/wp-json\/wp\/v2\/media?parent=24287"}],"wp:term":[{"taxonomy":"product_cat","embeddable":true,"href":"https:\/\/www.ct-chemie.ch\/fr\/wp-json\/wp\/v2\/product_cat?post=24287"},{"taxonomy":"product_tag","embeddable":true,"href":"https:\/\/www.ct-chemie.ch\/fr\/wp-json\/wp\/v2\/product_tag?post=24287"}],"curies":[{"name":"wp","href":"https:\/\/api.w.org\/{rel}","templated":true}]}}