{"id":25492,"date":"2022-02-28T18:00:22","date_gmt":"2022-02-28T17:00:22","guid":{"rendered":"https:\/\/www.ct-chemie.ch\/?post_type=product&#038;p=25492"},"modified":"2024-10-02T13:28:16","modified_gmt":"2024-10-02T11:28:16","slug":"adaptateur-pour-pad","status":"publish","type":"product","link":"https:\/\/www.ct-chemie.ch\/fr\/produit\/adaptateur-pour-pad\/","title":{"rendered":"Adaptateur pour pad"},"content":{"rendered":"<p>Plateau de fixation en plastique avec rev\u00eatement aiguillet\u00e9, \u00d8 150 mm \/ M14 pour meuleuse d\u2018angle. Convient pour les pads DiPa et de nettoyage avec \u00d8 150 mm.<\/p>\n","protected":false},"excerpt":{"rendered":"<p>Plateau de fixation en plastique avec rev\u00eatement aiguillet\u00e9, \u00d8 150 mm<\/p>\n","protected":false},"featured_media":25443,"comment_status":"closed","ping_status":"closed","template":"","meta":{"_acf_changed":false},"product_cat":[200],"product_tag":[],"class_list":{"0":"post-25492","1":"product","2":"type-product","3":"status-publish","4":"has-post-thumbnail","6":"product_cat-produits-de-poncage-categorie","8":"first","9":"instock","10":"taxable","11":"shipping-taxable","12":"purchasable","13":"product-type-simple"},"acf":[],"_links":{"self":[{"href":"https:\/\/www.ct-chemie.ch\/fr\/wp-json\/wp\/v2\/product\/25492","targetHints":{"allow":["GET"]}}],"collection":[{"href":"https:\/\/www.ct-chemie.ch\/fr\/wp-json\/wp\/v2\/product"}],"about":[{"href":"https:\/\/www.ct-chemie.ch\/fr\/wp-json\/wp\/v2\/types\/product"}],"replies":[{"embeddable":true,"href":"https:\/\/www.ct-chemie.ch\/fr\/wp-json\/wp\/v2\/comments?post=25492"}],"wp:featuredmedia":[{"embeddable":true,"href":"https:\/\/www.ct-chemie.ch\/fr\/wp-json\/wp\/v2\/media\/25443"}],"wp:attachment":[{"href":"https:\/\/www.ct-chemie.ch\/fr\/wp-json\/wp\/v2\/media?parent=25492"}],"wp:term":[{"taxonomy":"product_cat","embeddable":true,"href":"https:\/\/www.ct-chemie.ch\/fr\/wp-json\/wp\/v2\/product_cat?post=25492"},{"taxonomy":"product_tag","embeddable":true,"href":"https:\/\/www.ct-chemie.ch\/fr\/wp-json\/wp\/v2\/product_tag?post=25492"}],"curies":[{"name":"wp","href":"https:\/\/api.w.org\/{rel}","templated":true}]}}