{"id":25543,"date":"2022-02-28T18:05:52","date_gmt":"2022-02-28T17:05:52","guid":{"rendered":"https:\/\/www.ct-chemie.ch\/?post_type=product&#038;p=25543"},"modified":"2026-01-27T17:31:59","modified_gmt":"2026-01-27T16:31:59","slug":"dipa-pad","status":"publish","type":"product","link":"https:\/\/www.ct-chemie.ch\/fr\/produit\/dipa-pad\/","title":{"rendered":"DiPa-Pad"},"content":{"rendered":"<p>Pads sp\u00e9ciaux de nettoyage et de pon\u00e7age pour rafra\u00eechir le marbre ainsi que le calcaire et la pierre artificielle. Des sols mats et uses re\u00e7oivent ainsi une surface uniforme. Supprime les fines rayures.<\/p>\n<p>Dimensions: 115 x 250 x 20 mm, \u00d8 150 mm\/6\u201d, \u00d8 432 mm\/17\u201d<\/p>\n","protected":false},"excerpt":{"rendered":"<p>Pads sp\u00e9ciaux de nettoyage et de pon\u00e7age pour rafra\u00eechir<\/p>\n","protected":false},"featured_media":26780,"comment_status":"closed","ping_status":"closed","template":"","meta":{"_acf_changed":false},"product_cat":[200],"product_tag":[],"class_list":{"0":"post-25543","1":"product","2":"type-product","3":"status-publish","4":"has-post-thumbnail","6":"product_cat-produits-de-poncage-categorie","8":"first","9":"instock","10":"taxable","11":"shipping-taxable","12":"purchasable","13":"product-type-variable"},"acf":[],"_links":{"self":[{"href":"https:\/\/www.ct-chemie.ch\/fr\/wp-json\/wp\/v2\/product\/25543","targetHints":{"allow":["GET"]}}],"collection":[{"href":"https:\/\/www.ct-chemie.ch\/fr\/wp-json\/wp\/v2\/product"}],"about":[{"href":"https:\/\/www.ct-chemie.ch\/fr\/wp-json\/wp\/v2\/types\/product"}],"replies":[{"embeddable":true,"href":"https:\/\/www.ct-chemie.ch\/fr\/wp-json\/wp\/v2\/comments?post=25543"}],"wp:featuredmedia":[{"embeddable":true,"href":"https:\/\/www.ct-chemie.ch\/fr\/wp-json\/wp\/v2\/media\/26780"}],"wp:attachment":[{"href":"https:\/\/www.ct-chemie.ch\/fr\/wp-json\/wp\/v2\/media?parent=25543"}],"wp:term":[{"taxonomy":"product_cat","embeddable":true,"href":"https:\/\/www.ct-chemie.ch\/fr\/wp-json\/wp\/v2\/product_cat?post=25543"},{"taxonomy":"product_tag","embeddable":true,"href":"https:\/\/www.ct-chemie.ch\/fr\/wp-json\/wp\/v2\/product_tag?post=25543"}],"curies":[{"name":"wp","href":"https:\/\/api.w.org\/{rel}","templated":true}]}}