{"id":28444,"date":"2023-03-08T09:56:47","date_gmt":"2023-03-08T08:56:47","guid":{"rendered":"https:\/\/www.ct-chemie.ch\/?post_type=product&#038;p=28444"},"modified":"2026-01-27T18:21:39","modified_gmt":"2026-01-27T17:21:39","slug":"epoxiclean-wash-spray","status":"publish","type":"product","link":"https:\/\/www.ct-chemie.ch\/fr\/produit\/epoxiclean-wash-spray\/","title":{"rendered":"EpoxiClean Wash Spray"},"content":{"rendered":"<p>Produit pr\u00eat \u00e0 l\u2018emploi qui facilite le rin\u00e7age apr\u00e8s le jointoiement avec un mortier de jointoiement \u00e9poxy sur des surfaces c\u00e9ramiques ainsi que le lissage de la masse de jointoiement \u00e9poxy.<\/p>\n<p>Pi\u00e8ce\u00a0\u00e0: 1l (Spray)<br \/>\nCarton \u00e0: 6 pce<\/p>\n","protected":false},"excerpt":{"rendered":"<p>Agent de lavage \u2013\u00a0pr\u00eat \u00e0 l\u2019emploi<\/p>\n","protected":false},"featured_media":34939,"comment_status":"closed","ping_status":"closed","template":"","meta":{"_acf_changed":false},"product_cat":[157],"product_tag":[],"class_list":{"0":"post-28444","1":"product","2":"type-product","3":"status-publish","4":"has-post-thumbnail","6":"product_cat-nettoyants-depoxyde-categorie","8":"first","9":"instock","10":"taxable","11":"shipping-taxable","12":"purchasable","13":"product-type-variable"},"acf":[],"_links":{"self":[{"href":"https:\/\/www.ct-chemie.ch\/fr\/wp-json\/wp\/v2\/product\/28444","targetHints":{"allow":["GET"]}}],"collection":[{"href":"https:\/\/www.ct-chemie.ch\/fr\/wp-json\/wp\/v2\/product"}],"about":[{"href":"https:\/\/www.ct-chemie.ch\/fr\/wp-json\/wp\/v2\/types\/product"}],"replies":[{"embeddable":true,"href":"https:\/\/www.ct-chemie.ch\/fr\/wp-json\/wp\/v2\/comments?post=28444"}],"wp:featuredmedia":[{"embeddable":true,"href":"https:\/\/www.ct-chemie.ch\/fr\/wp-json\/wp\/v2\/media\/34939"}],"wp:attachment":[{"href":"https:\/\/www.ct-chemie.ch\/fr\/wp-json\/wp\/v2\/media?parent=28444"}],"wp:term":[{"taxonomy":"product_cat","embeddable":true,"href":"https:\/\/www.ct-chemie.ch\/fr\/wp-json\/wp\/v2\/product_cat?post=28444"},{"taxonomy":"product_tag","embeddable":true,"href":"https:\/\/www.ct-chemie.ch\/fr\/wp-json\/wp\/v2\/product_tag?post=28444"}],"curies":[{"name":"wp","href":"https:\/\/api.w.org\/{rel}","templated":true}]}}