{"id":29785,"date":"2023-06-27T16:02:28","date_gmt":"2023-06-27T14:02:28","guid":{"rendered":"https:\/\/www.ct-chemie.ch\/?post_type=product&#038;p=29785"},"modified":"2026-01-27T17:45:59","modified_gmt":"2026-01-27T16:45:59","slug":"cetefix-200-kopie","status":"publish","type":"product","link":"https:\/\/www.ct-chemie.ch\/fr\/produit\/cetefix-200-kopie\/","title":{"rendered":"CeTeFix 225"},"content":{"rendered":"<p>Ruban de masquage professionnel beige clair pour peintres et carrosseries. S&rsquo;enl\u00e8ve sans laisser de r\u00e9sidus en 1 \u00e0 5 jours sur des surfaces lisses en int\u00e9rieur et en ext\u00e9rieur sous 3 jours sous rayonnement UV. R\u00e9sistance \u00e0 la temp\u00e9rature jusqu&rsquo;\u00e0 80\u00b0 C \/ courte dur\u00e9e 110\u00b0 C. Convient sous conditions pour la pierre naturelle.<\/p>\n<p>Dimensions:<br \/>\n25 mm, Pi\u00e8ce\u00a0\u00e0: 50 m, Carton \u00e0: 36 pce<br \/>\n30 mm, Pi\u00e8ce \u00e0: 50 m, Carton \u00e0: 32 pce<br \/>\n50 mm, Pi\u00e8ce\u00a0\u00e0: 50 m, Carton \u00e0: 24\u00a0pce<\/p>\n","protected":false},"excerpt":{"rendered":"<p>Ruban de masquage pour peintres et carrosseries<\/p>\n","protected":false},"featured_media":34975,"comment_status":"closed","ping_status":"closed","template":"","meta":{"_acf_changed":false},"product_cat":[153],"product_tag":[],"class_list":{"0":"post-29785","1":"product","2":"type-product","3":"status-publish","4":"has-post-thumbnail","6":"product_cat-materiel-de-protection-categorie","8":"first","9":"instock","10":"taxable","11":"shipping-taxable","12":"purchasable","13":"product-type-variable"},"acf":[],"_links":{"self":[{"href":"https:\/\/www.ct-chemie.ch\/fr\/wp-json\/wp\/v2\/product\/29785","targetHints":{"allow":["GET"]}}],"collection":[{"href":"https:\/\/www.ct-chemie.ch\/fr\/wp-json\/wp\/v2\/product"}],"about":[{"href":"https:\/\/www.ct-chemie.ch\/fr\/wp-json\/wp\/v2\/types\/product"}],"replies":[{"embeddable":true,"href":"https:\/\/www.ct-chemie.ch\/fr\/wp-json\/wp\/v2\/comments?post=29785"}],"wp:featuredmedia":[{"embeddable":true,"href":"https:\/\/www.ct-chemie.ch\/fr\/wp-json\/wp\/v2\/media\/34975"}],"wp:attachment":[{"href":"https:\/\/www.ct-chemie.ch\/fr\/wp-json\/wp\/v2\/media?parent=29785"}],"wp:term":[{"taxonomy":"product_cat","embeddable":true,"href":"https:\/\/www.ct-chemie.ch\/fr\/wp-json\/wp\/v2\/product_cat?post=29785"},{"taxonomy":"product_tag","embeddable":true,"href":"https:\/\/www.ct-chemie.ch\/fr\/wp-json\/wp\/v2\/product_tag?post=29785"}],"curies":[{"name":"wp","href":"https:\/\/api.w.org\/{rel}","templated":true}]}}