{"id":31718,"date":"2024-01-26T10:20:05","date_gmt":"2024-01-26T09:20:05","guid":{"rendered":"https:\/\/www.ct-chemie.ch\/?post_type=product&#038;p=31718"},"modified":"2026-01-20T14:40:28","modified_gmt":"2026-01-20T13:40:28","slug":"heller-2h-hb-25-bf","status":"publish","type":"product","link":"https:\/\/www.ct-chemie.ch\/fr\/produit\/heller-2h-hb-25-bf\/","title":{"rendered":"2H HB 25 BF"},"content":{"rendered":"<p style=\"font-weight: 400;\">Hybride pour les joints dans les zones de sols praticables et carrossables \u00e0 l\u2018int\u00e9rieur et \u00e0 l\u2018ext\u00e9rieur. R\u00e9sistant \u00e0 une large gamme de substances chimiques. Convient dans les cages d\u2018escalier, les ateliers, les entrep\u00f4ts, les parkings souterrains etc. Recouvrable, resistant aux charges UV et aux intemp\u00e9ries, exempt du solvant, isocyanate et silicon. 25% adaptions au mouvement.<\/p>\n<p style=\"font-weight: 400;\">Resistance a la temp\u00e9rature:\u00a0-40\u00b0 C \u2013 +90\u00b0 C.<\/p>\n<p style=\"font-weight: 400;\">Couleur: gris\u00a0beton<\/p>\n<p style=\"font-weight: 400;\">Sachet \u00e0: 600 ml<br \/>\nCarton \u00e0: 20 pce<\/p>\n","protected":false},"excerpt":{"rendered":"<p>Hybride pour les joints dans les zones de sols praticables et carrossables \u00e0 l\u2018int\u00e9rieur et \u00e0 l\u2018ext\u00e9rieur.<\/p>\n","protected":false},"featured_media":35121,"comment_status":"closed","ping_status":"closed","template":"","meta":{"_acf_changed":false},"product_cat":[151],"product_tag":[],"class_list":{"0":"post-31718","1":"product","2":"type-product","3":"status-publish","4":"has-post-thumbnail","6":"product_cat-colles-categorie","8":"first","9":"instock","10":"taxable","11":"shipping-taxable","12":"purchasable","13":"product-type-variable"},"acf":[],"_links":{"self":[{"href":"https:\/\/www.ct-chemie.ch\/fr\/wp-json\/wp\/v2\/product\/31718","targetHints":{"allow":["GET"]}}],"collection":[{"href":"https:\/\/www.ct-chemie.ch\/fr\/wp-json\/wp\/v2\/product"}],"about":[{"href":"https:\/\/www.ct-chemie.ch\/fr\/wp-json\/wp\/v2\/types\/product"}],"replies":[{"embeddable":true,"href":"https:\/\/www.ct-chemie.ch\/fr\/wp-json\/wp\/v2\/comments?post=31718"}],"wp:featuredmedia":[{"embeddable":true,"href":"https:\/\/www.ct-chemie.ch\/fr\/wp-json\/wp\/v2\/media\/35121"}],"wp:attachment":[{"href":"https:\/\/www.ct-chemie.ch\/fr\/wp-json\/wp\/v2\/media?parent=31718"}],"wp:term":[{"taxonomy":"product_cat","embeddable":true,"href":"https:\/\/www.ct-chemie.ch\/fr\/wp-json\/wp\/v2\/product_cat?post=31718"},{"taxonomy":"product_tag","embeddable":true,"href":"https:\/\/www.ct-chemie.ch\/fr\/wp-json\/wp\/v2\/product_tag?post=31718"}],"curies":[{"name":"wp","href":"https:\/\/api.w.org\/{rel}","templated":true}]}}