{"id":31730,"date":"2024-01-26T10:32:50","date_gmt":"2024-01-26T09:32:50","guid":{"rendered":"https:\/\/www.ct-chemie.ch\/?post_type=product&#038;p=31730"},"modified":"2026-01-20T14:59:15","modified_gmt":"2026-01-20T13:59:15","slug":"heller-2h-hb-45","status":"publish","type":"product","link":"https:\/\/www.ct-chemie.ch\/fr\/produit\/heller-2h-hb-45\/","title":{"rendered":"2H HB 45"},"content":{"rendered":"<p>Adh\u00e9sif et materiau d\u2018\u00e9tanch\u00e9it\u00e9 mono-composant (MS polym\u00e8res), pour coller le bois, m\u00e9tal, PVC-dur, c\u00e9ramique, panneaux, etc. ainsi comme mat\u00e9riau d\u2018\u00e9tanch\u00e9it\u00e9 pour joints de sols carrossables. Recouvrable, r\u00e9sistant aux charges UV et aux intemp\u00e9ries, exempte de silicone, d\u2019isocyanate, de plastifiant et de solvant. 20% adaptation au mouvement.<\/p>\n<p>Couleur: gris<\/p>\n<p>Resistance a la temp\u00e9rature:\u00a0-40\u00b0 C \u2013 +90\u00b0 C.<\/p>\n<p style=\"font-weight: 400;\">Sachet \u00e0: 600 ml<br \/>\nCarton \u00e0: 12 pce<\/p>\n","protected":false},"excerpt":{"rendered":"<p>Adh\u00e9sif et materiau d\u2018\u00e9tanch\u00e9it\u00e9 mono-composant (MS polym\u00e8res)<\/p>\n","protected":false},"featured_media":35124,"comment_status":"closed","ping_status":"closed","template":"","meta":{"_acf_changed":false},"product_cat":[151],"product_tag":[],"class_list":{"0":"post-31730","1":"product","2":"type-product","3":"status-publish","4":"has-post-thumbnail","6":"product_cat-colles-categorie","8":"first","9":"instock","10":"taxable","11":"shipping-taxable","12":"purchasable","13":"product-type-variable"},"acf":[],"_links":{"self":[{"href":"https:\/\/www.ct-chemie.ch\/fr\/wp-json\/wp\/v2\/product\/31730","targetHints":{"allow":["GET"]}}],"collection":[{"href":"https:\/\/www.ct-chemie.ch\/fr\/wp-json\/wp\/v2\/product"}],"about":[{"href":"https:\/\/www.ct-chemie.ch\/fr\/wp-json\/wp\/v2\/types\/product"}],"replies":[{"embeddable":true,"href":"https:\/\/www.ct-chemie.ch\/fr\/wp-json\/wp\/v2\/comments?post=31730"}],"wp:featuredmedia":[{"embeddable":true,"href":"https:\/\/www.ct-chemie.ch\/fr\/wp-json\/wp\/v2\/media\/35124"}],"wp:attachment":[{"href":"https:\/\/www.ct-chemie.ch\/fr\/wp-json\/wp\/v2\/media?parent=31730"}],"wp:term":[{"taxonomy":"product_cat","embeddable":true,"href":"https:\/\/www.ct-chemie.ch\/fr\/wp-json\/wp\/v2\/product_cat?post=31730"},{"taxonomy":"product_tag","embeddable":true,"href":"https:\/\/www.ct-chemie.ch\/fr\/wp-json\/wp\/v2\/product_tag?post=31730"}],"curies":[{"name":"wp","href":"https:\/\/api.w.org\/{rel}","templated":true}]}}