{"id":3192,"date":"2015-06-17T07:59:51","date_gmt":"2015-06-17T07:59:51","guid":{"rendered":"http:\/\/ct-chemie.ch\/produkt\/cetesil-n-2\/"},"modified":"2026-04-17T13:53:20","modified_gmt":"2026-04-17T11:53:20","slug":"cetesil-n","status":"publish","type":"product","link":"https:\/\/www.ct-chemie.ch\/fr\/produit\/cetesil-n\/","title":{"rendered":"CeTeSil N+ Premium"},"content":{"rendered":"<p>Silicone pour pierres naturelles pour des jointures d\u2018extension et de raccordements \u00e0 l\u2018int\u00e9rieur et \u00e0 l\u2018ext\u00e9rieur. Exempte des plastifiants et des solvants. R\u00e9ticulation neutre (oxime) et propri\u00e9t\u00e9s fongicide, r\u00e9sistant aux charges UV et aux intemp\u00e9ries. Excellentes qualit\u00e9s de transformation et de finition. 25% adaptation de mouvement.<\/p>\n<p>R\u00e9sistance \u00e0 la temp\u00e9rature: -40\u00b0 C \u00e0 +180\u00b0 C<\/p>\n<p>Couleurs: Voir le tableau des couleurs<\/p>\n<p>Certification: EC1 plus<\/p>\n<p>Cartouche \u00e0: 310 ml<br \/>\nCarton \u00e0: 12 pce<\/p>\n","protected":false},"excerpt":{"rendered":"<p>Silicone pour pierres naturelles pour des jointures d\u2018extension et de raccordements \u00e0 l\u2018int\u00e9rieur et \u00e0 l\u2018ext\u00e9rieur.<\/p>\n","protected":false},"featured_media":34880,"comment_status":"closed","ping_status":"closed","template":"","meta":{"_acf_changed":false},"product_cat":[1592,17],"product_tag":[],"class_list":{"0":"post-3192","1":"product","2":"type-product","3":"status-publish","4":"has-post-thumbnail","6":"product_cat-privat","7":"product_cat-silicones","9":"first","10":"instock","11":"taxable","12":"shipping-taxable","13":"purchasable","14":"product-type-variable"},"acf":[],"_links":{"self":[{"href":"https:\/\/www.ct-chemie.ch\/fr\/wp-json\/wp\/v2\/product\/3192","targetHints":{"allow":["GET"]}}],"collection":[{"href":"https:\/\/www.ct-chemie.ch\/fr\/wp-json\/wp\/v2\/product"}],"about":[{"href":"https:\/\/www.ct-chemie.ch\/fr\/wp-json\/wp\/v2\/types\/product"}],"replies":[{"embeddable":true,"href":"https:\/\/www.ct-chemie.ch\/fr\/wp-json\/wp\/v2\/comments?post=3192"}],"wp:featuredmedia":[{"embeddable":true,"href":"https:\/\/www.ct-chemie.ch\/fr\/wp-json\/wp\/v2\/media\/34880"}],"wp:attachment":[{"href":"https:\/\/www.ct-chemie.ch\/fr\/wp-json\/wp\/v2\/media?parent=3192"}],"wp:term":[{"taxonomy":"product_cat","embeddable":true,"href":"https:\/\/www.ct-chemie.ch\/fr\/wp-json\/wp\/v2\/product_cat?post=3192"},{"taxonomy":"product_tag","embeddable":true,"href":"https:\/\/www.ct-chemie.ch\/fr\/wp-json\/wp\/v2\/product_tag?post=3192"}],"curies":[{"name":"wp","href":"https:\/\/api.w.org\/{rel}","templated":true}]}}