{"id":31942,"date":"2024-02-14T10:26:27","date_gmt":"2024-02-14T09:26:27","guid":{"rendered":"https:\/\/www.ct-chemie.ch\/?post_type=product&#038;p=31942"},"modified":"2024-10-03T11:37:26","modified_gmt":"2024-10-03T09:37:26","slug":"azett-ultra-special-natur","status":"publish","type":"product","link":"https:\/\/www.ct-chemie.ch\/fr\/produit\/azett-ultra-special-natur\/","title":{"rendered":"Azett Ultra special natur"},"content":{"rendered":"<p style=\"font-weight: 400;\">P\u00e2te de lavage cr\u00e9meuse pour les mains avec des grains de r\u00e2pe naturels pour un nettoyage en profondeur et en douceur. Pour les fortes salissures dans les zones industrielles et d&rsquo;atelier.<\/p>\n<p>Pi\u00e8ce \u00e0: 500 ml<br \/>\nCarton \u00e0: 24 pce<\/p>\n<p>Pi\u00e8ce \u00e0: 5 l<br \/>\nCarton \u00e0: 1 pce<\/p>\n<p>Pi\u00e8ce \u00e0: 10 l<br \/>\nCarton \u00e0: 1 pce<\/p>\n","protected":false},"excerpt":{"rendered":"<p>P\u00e2te cr\u00e9meuse sp\u00e9ciale de nettoyage des mains, pour les salissures fortes et extr\u00eames<\/p>\n","protected":false},"featured_media":35041,"comment_status":"closed","ping_status":"closed","template":"","meta":{"_acf_changed":false},"product_cat":[1558],"product_tag":[],"class_list":{"0":"post-31942","1":"product","2":"type-product","3":"status-publish","4":"has-post-thumbnail","6":"product_cat-nettoyage-des-mains","8":"first","9":"instock","10":"taxable","11":"shipping-taxable","12":"purchasable","13":"product-type-variable"},"acf":[],"_links":{"self":[{"href":"https:\/\/www.ct-chemie.ch\/fr\/wp-json\/wp\/v2\/product\/31942","targetHints":{"allow":["GET"]}}],"collection":[{"href":"https:\/\/www.ct-chemie.ch\/fr\/wp-json\/wp\/v2\/product"}],"about":[{"href":"https:\/\/www.ct-chemie.ch\/fr\/wp-json\/wp\/v2\/types\/product"}],"replies":[{"embeddable":true,"href":"https:\/\/www.ct-chemie.ch\/fr\/wp-json\/wp\/v2\/comments?post=31942"}],"wp:featuredmedia":[{"embeddable":true,"href":"https:\/\/www.ct-chemie.ch\/fr\/wp-json\/wp\/v2\/media\/35041"}],"wp:attachment":[{"href":"https:\/\/www.ct-chemie.ch\/fr\/wp-json\/wp\/v2\/media?parent=31942"}],"wp:term":[{"taxonomy":"product_cat","embeddable":true,"href":"https:\/\/www.ct-chemie.ch\/fr\/wp-json\/wp\/v2\/product_cat?post=31942"},{"taxonomy":"product_tag","embeddable":true,"href":"https:\/\/www.ct-chemie.ch\/fr\/wp-json\/wp\/v2\/product_tag?post=31942"}],"curies":[{"name":"wp","href":"https:\/\/api.w.org\/{rel}","templated":true}]}}