{"id":32029,"date":"2024-02-16T09:44:20","date_gmt":"2024-02-16T08:44:20","guid":{"rendered":"https:\/\/www.ct-chemie.ch\/?post_type=product&#038;p=32029"},"modified":"2025-03-31T15:47:17","modified_gmt":"2025-03-31T13:47:17","slug":"cetefloor-small","status":"publish","type":"product","link":"https:\/\/www.ct-chemie.ch\/fr\/produit\/cetefloor-small\/","title":{"rendered":"CeTeFloor Small"},"content":{"rendered":"<p>Tissu non tiss\u00e9 antiglisse et imperm\u00e9able pour la protection des escaliers et des zones plus petites contre des influences m\u00e9caniques.<\/p>\n<p><span lang=\"FR-CH\">Poids: 160 g\/m2<\/span><\/p>\n<p>Pi\u00e8ce \u00e0:<span lang=\"FR-CH\">\u00a065 cm x 25 m<\/span><br \/>\nPalette \u00e0: 90 pce<\/p>\n","protected":false},"excerpt":{"rendered":"<p>Tissu non tiss\u00e9 antiglisse et imperm\u00e9able pour la protection des escaliers et des zones plus petites<\/p>\n","protected":false},"featured_media":34984,"comment_status":"closed","ping_status":"closed","template":"","meta":{"_acf_changed":false},"product_cat":[153],"product_tag":[],"class_list":{"0":"post-32029","1":"product","2":"type-product","3":"status-publish","4":"has-post-thumbnail","6":"product_cat-materiel-de-protection-categorie","8":"first","9":"instock","10":"taxable","11":"shipping-taxable","12":"purchasable","13":"product-type-simple"},"acf":[],"_links":{"self":[{"href":"https:\/\/www.ct-chemie.ch\/fr\/wp-json\/wp\/v2\/product\/32029","targetHints":{"allow":["GET"]}}],"collection":[{"href":"https:\/\/www.ct-chemie.ch\/fr\/wp-json\/wp\/v2\/product"}],"about":[{"href":"https:\/\/www.ct-chemie.ch\/fr\/wp-json\/wp\/v2\/types\/product"}],"replies":[{"embeddable":true,"href":"https:\/\/www.ct-chemie.ch\/fr\/wp-json\/wp\/v2\/comments?post=32029"}],"wp:featuredmedia":[{"embeddable":true,"href":"https:\/\/www.ct-chemie.ch\/fr\/wp-json\/wp\/v2\/media\/34984"}],"wp:attachment":[{"href":"https:\/\/www.ct-chemie.ch\/fr\/wp-json\/wp\/v2\/media?parent=32029"}],"wp:term":[{"taxonomy":"product_cat","embeddable":true,"href":"https:\/\/www.ct-chemie.ch\/fr\/wp-json\/wp\/v2\/product_cat?post=32029"},{"taxonomy":"product_tag","embeddable":true,"href":"https:\/\/www.ct-chemie.ch\/fr\/wp-json\/wp\/v2\/product_tag?post=32029"}],"curies":[{"name":"wp","href":"https:\/\/api.w.org\/{rel}","templated":true}]}}