{"id":32032,"date":"2024-02-16T10:01:39","date_gmt":"2024-02-16T09:01:39","guid":{"rendered":"https:\/\/www.ct-chemie.ch\/?post_type=product&#038;p=32032"},"modified":"2026-01-20T12:11:11","modified_gmt":"2026-01-20T11:11:11","slug":"heller-2h-sil-b1","status":"publish","type":"product","link":"https:\/\/www.ct-chemie.ch\/fr\/produit\/heller-2h-sil-b1\/","title":{"rendered":"2H Sil B1"},"content":{"rendered":"<p style=\"font-weight: 400;\">Silicone ignifuge pour obturer des joints de protection contre l\u2019incendie int\u00e9rieur et ext\u00e9rieur. Difficilement inflammable B1. Num\u00e9ro d&rsquo;examen: P-MPA-E 15-500. R\u00e9ticulation neutre (oxime), propri\u00e9t\u00e9s fongicides, r\u00e9sistant aux charges UV et aux intemp\u00e9ries. 25% adaptation au mouvement.<\/p>\n<p style=\"font-weight: 400;\">R\u00e9sistance \u00e0 la temp\u00e9rature\u00a0-40\u00b0 C \u2013 +180\u00b0 C.<\/p>\n<p>Couleurs: voir le tableau des<\/p>\n<p style=\"font-weight: 400;\">Cartouche \u00e0: 310 ml<br \/>\nCarton \u00e0: 12 pce<\/p>\n","protected":false},"excerpt":{"rendered":"<p style=\"font-weight: 400;\">Silicone ignifuge pour obturer des joints de protection contre l\u2019incendie int\u00e9rieur et ext\u00e9rieur.<\/p>\n","protected":false},"featured_media":32018,"comment_status":"closed","ping_status":"closed","template":"","meta":{"_acf_changed":false},"product_cat":[17],"product_tag":[],"class_list":{"0":"post-32032","1":"product","2":"type-product","3":"status-publish","4":"has-post-thumbnail","6":"product_cat-silicones","8":"first","9":"instock","10":"taxable","11":"shipping-taxable","12":"purchasable","13":"product-type-variable"},"acf":[],"_links":{"self":[{"href":"https:\/\/www.ct-chemie.ch\/fr\/wp-json\/wp\/v2\/product\/32032","targetHints":{"allow":["GET"]}}],"collection":[{"href":"https:\/\/www.ct-chemie.ch\/fr\/wp-json\/wp\/v2\/product"}],"about":[{"href":"https:\/\/www.ct-chemie.ch\/fr\/wp-json\/wp\/v2\/types\/product"}],"replies":[{"embeddable":true,"href":"https:\/\/www.ct-chemie.ch\/fr\/wp-json\/wp\/v2\/comments?post=32032"}],"wp:featuredmedia":[{"embeddable":true,"href":"https:\/\/www.ct-chemie.ch\/fr\/wp-json\/wp\/v2\/media\/32018"}],"wp:attachment":[{"href":"https:\/\/www.ct-chemie.ch\/fr\/wp-json\/wp\/v2\/media?parent=32032"}],"wp:term":[{"taxonomy":"product_cat","embeddable":true,"href":"https:\/\/www.ct-chemie.ch\/fr\/wp-json\/wp\/v2\/product_cat?post=32032"},{"taxonomy":"product_tag","embeddable":true,"href":"https:\/\/www.ct-chemie.ch\/fr\/wp-json\/wp\/v2\/product_tag?post=32032"}],"curies":[{"name":"wp","href":"https:\/\/api.w.org\/{rel}","templated":true}]}}