{"id":3289,"date":"2015-06-17T07:59:19","date_gmt":"2015-06-17T05:59:19","guid":{"rendered":"http:\/\/ct-chemie.ch\/?product=cetesil-a-2"},"modified":"2026-01-20T12:02:26","modified_gmt":"2026-01-20T11:02:26","slug":"cetesil-a","status":"publish","type":"product","link":"https:\/\/www.ct-chemie.ch\/fr\/produit\/cetesil-a\/","title":{"rendered":"CeTeSil A Premium"},"content":{"rendered":"<p>Silicone sanitaire pour des jointures d\u2018extension et de raccordements \u00e0 l\u2018int\u00e9rieur et \u00e0 l\u2018ext\u00e9rieur. R\u00e9ticulation ac\u00e9tique et propri\u00e9t\u00e9s fongicide, r\u00e9sistant aux charges UV et aux intemp\u00e9ries ainsi que libre de solvant. Excellentes qualit\u00e9s de transformation et de finition. 25% adaptation de mouvement.<\/p>\n<p>R\u00e9sistance \u00e0 la temp\u00e9rature: -40\u00b0 C \u00e0 +180\u00b0 C<\/p>\n<p>Couleurs: voir le tableau des couleurs<\/p>\n<p>Certification: EC1 Plus<\/p>\n<p>Cartouche \u00e0: 310 ml<br \/>\nCarton \u00e0: 12 pce<\/p>\n","protected":false},"excerpt":{"rendered":"<p>Silicone sanitaire pour des jointures d\u2018extension et de raccordements \u00e0 l\u2018int\u00e9rieur et \u00e0 l\u2018ext\u00e9rieur.<\/p>\n","protected":false},"featured_media":34873,"comment_status":"closed","ping_status":"closed","template":"","meta":{"_acf_changed":false},"product_cat":[17],"product_tag":[],"class_list":{"0":"post-3289","1":"product","2":"type-product","3":"status-publish","4":"has-post-thumbnail","6":"product_cat-silicones","8":"first","9":"instock","10":"taxable","11":"shipping-taxable","12":"purchasable","13":"product-type-variable"},"acf":[],"_links":{"self":[{"href":"https:\/\/www.ct-chemie.ch\/fr\/wp-json\/wp\/v2\/product\/3289","targetHints":{"allow":["GET"]}}],"collection":[{"href":"https:\/\/www.ct-chemie.ch\/fr\/wp-json\/wp\/v2\/product"}],"about":[{"href":"https:\/\/www.ct-chemie.ch\/fr\/wp-json\/wp\/v2\/types\/product"}],"replies":[{"embeddable":true,"href":"https:\/\/www.ct-chemie.ch\/fr\/wp-json\/wp\/v2\/comments?post=3289"}],"wp:featuredmedia":[{"embeddable":true,"href":"https:\/\/www.ct-chemie.ch\/fr\/wp-json\/wp\/v2\/media\/34873"}],"wp:attachment":[{"href":"https:\/\/www.ct-chemie.ch\/fr\/wp-json\/wp\/v2\/media?parent=3289"}],"wp:term":[{"taxonomy":"product_cat","embeddable":true,"href":"https:\/\/www.ct-chemie.ch\/fr\/wp-json\/wp\/v2\/product_cat?post=3289"},{"taxonomy":"product_tag","embeddable":true,"href":"https:\/\/www.ct-chemie.ch\/fr\/wp-json\/wp\/v2\/product_tag?post=3289"}],"curies":[{"name":"wp","href":"https:\/\/api.w.org\/{rel}","templated":true}]}}