{"id":33239,"date":"2024-05-10T09:41:54","date_gmt":"2024-05-10T07:41:54","guid":{"rendered":"https:\/\/www.ct-chemie.ch\/?post_type=product&#038;p=33239"},"modified":"2026-01-20T15:13:40","modified_gmt":"2026-01-20T14:13:40","slug":"heller-2h-deltapur","status":"publish","type":"product","link":"https:\/\/www.ct-chemie.ch\/fr\/produit\/heller-2h-deltapur\/","title":{"rendered":"2H Deltapur"},"content":{"rendered":"<p class=\"p1\"><i>Adh\u00e9sif de montage \u00e0 bade de polyur\u00e9thane, sans solvant, remplissant les joints, d\u2019application universelle, avec un temps de r\u00e9action <\/i><i>particuli\u00e8rement rapide. Large gamme d\u2019adh\u00e9sion sur une grande vari\u00e9t\u00e9 de mat\u00e9riaux. Peut \u00eatre ponc\u00e9 et peint.<\/i><\/p>\n<p style=\"font-weight: 400;\">R\u00e9sistance \u00e0 la temperature: -40\u00b0 C jusqu\u2019\u00e0 110\u00b0 C.<\/p>\n<p style=\"font-weight: 400;\">Couleur: beige<\/p>\n<p style=\"font-weight: 400;\">Cartouche \u00e0: 310 ml<br \/>\nCarton \u00e0: 20 pce<\/p>\n","protected":false},"excerpt":{"rendered":"<p style=\"font-weight: 400;\">Colle monocomposant \u00e0 base de polyur\u00e9thane<\/p>\n","protected":false},"featured_media":34129,"comment_status":"closed","ping_status":"closed","template":"","meta":{"_acf_changed":false},"product_cat":[151],"product_tag":[],"class_list":{"0":"post-33239","1":"product","2":"type-product","3":"status-publish","4":"has-post-thumbnail","6":"product_cat-colles-categorie","8":"first","9":"instock","10":"taxable","11":"shipping-taxable","12":"purchasable","13":"product-type-variable"},"acf":[],"_links":{"self":[{"href":"https:\/\/www.ct-chemie.ch\/fr\/wp-json\/wp\/v2\/product\/33239","targetHints":{"allow":["GET"]}}],"collection":[{"href":"https:\/\/www.ct-chemie.ch\/fr\/wp-json\/wp\/v2\/product"}],"about":[{"href":"https:\/\/www.ct-chemie.ch\/fr\/wp-json\/wp\/v2\/types\/product"}],"replies":[{"embeddable":true,"href":"https:\/\/www.ct-chemie.ch\/fr\/wp-json\/wp\/v2\/comments?post=33239"}],"wp:featuredmedia":[{"embeddable":true,"href":"https:\/\/www.ct-chemie.ch\/fr\/wp-json\/wp\/v2\/media\/34129"}],"wp:attachment":[{"href":"https:\/\/www.ct-chemie.ch\/fr\/wp-json\/wp\/v2\/media?parent=33239"}],"wp:term":[{"taxonomy":"product_cat","embeddable":true,"href":"https:\/\/www.ct-chemie.ch\/fr\/wp-json\/wp\/v2\/product_cat?post=33239"},{"taxonomy":"product_tag","embeddable":true,"href":"https:\/\/www.ct-chemie.ch\/fr\/wp-json\/wp\/v2\/product_tag?post=33239"}],"curies":[{"name":"wp","href":"https:\/\/api.w.org\/{rel}","templated":true}]}}