{"id":3511,"date":"2015-06-17T08:01:52","date_gmt":"2015-06-17T06:01:52","guid":{"rendered":"http:\/\/ct-chemie.ch\/?product=cetesil-temp-2"},"modified":"2026-01-20T14:23:56","modified_gmt":"2026-01-20T13:23:56","slug":"2h-sil-t300","status":"publish","type":"product","link":"https:\/\/www.ct-chemie.ch\/fr\/produit\/2h-sil-t300\/","title":{"rendered":"2H Sil T300"},"content":{"rendered":"<p class=\"p1\"><i>Silicone \u00e0 faible odeur, r\u00e9sistent \u00e0 haute temp\u00e9rature. Pour sceller les joints dans les secteurs de la construction et de l\u2019industrie o\u00f9 <\/i><i>une r\u00e9sistance \u00e0 des temp\u00e9ratures tr\u00e8s \u00e9lev\u00e9es est requise, r\u00e9ticulation neutre (oxime). <\/i>25% adaptation au mouvement.<\/p>\n<p style=\"font-weight: 400;\">R\u00e9sistance \u00e0 la temp\u00e9rature -40\u00b0 C \u2013 +250\u00b0 C, \u00e0 court terme jusqu\u2018\u00e0 300\u00b0 C.<\/p>\n<p>Couleur: noir.<\/p>\n<p>Cartouche \u00e0: 310 ml<br \/>\nCarton \u00e0: 12 pce<\/p>\n","protected":false},"excerpt":{"rendered":"<div class=\"page\" title=\"Page 1\">\n<div class=\"section\">\n<div class=\"layoutArea\">\n<div class=\"column\">\n<p>Silicone pour haute tempe\u0301rature, \u00e0 court terme jusqu\u2018\u00e0 300\u00b0 C<\/p>\n<\/div>\n<\/div>\n<\/div>\n<\/div>\n","protected":false},"featured_media":34886,"comment_status":"closed","ping_status":"closed","template":"","meta":{"_acf_changed":false},"product_cat":[17],"product_tag":[],"class_list":{"0":"post-3511","1":"product","2":"type-product","3":"status-publish","4":"has-post-thumbnail","6":"product_cat-silicones","8":"first","9":"instock","10":"taxable","11":"shipping-taxable","12":"purchasable","13":"product-type-variable"},"acf":[],"_links":{"self":[{"href":"https:\/\/www.ct-chemie.ch\/fr\/wp-json\/wp\/v2\/product\/3511","targetHints":{"allow":["GET"]}}],"collection":[{"href":"https:\/\/www.ct-chemie.ch\/fr\/wp-json\/wp\/v2\/product"}],"about":[{"href":"https:\/\/www.ct-chemie.ch\/fr\/wp-json\/wp\/v2\/types\/product"}],"replies":[{"embeddable":true,"href":"https:\/\/www.ct-chemie.ch\/fr\/wp-json\/wp\/v2\/comments?post=3511"}],"wp:featuredmedia":[{"embeddable":true,"href":"https:\/\/www.ct-chemie.ch\/fr\/wp-json\/wp\/v2\/media\/34886"}],"wp:attachment":[{"href":"https:\/\/www.ct-chemie.ch\/fr\/wp-json\/wp\/v2\/media?parent=3511"}],"wp:term":[{"taxonomy":"product_cat","embeddable":true,"href":"https:\/\/www.ct-chemie.ch\/fr\/wp-json\/wp\/v2\/product_cat?post=3511"},{"taxonomy":"product_tag","embeddable":true,"href":"https:\/\/www.ct-chemie.ch\/fr\/wp-json\/wp\/v2\/product_tag?post=3511"}],"curies":[{"name":"wp","href":"https:\/\/api.w.org\/{rel}","templated":true}]}}