{"id":35178,"date":"2024-10-08T07:16:54","date_gmt":"2024-10-08T05:16:54","guid":{"rendered":"https:\/\/www.ct-chemie.ch\/?post_type=product&#038;p=35178"},"modified":"2024-11-22T11:36:43","modified_gmt":"2024-11-22T10:36:43","slug":"aura-rose-kopie","status":"publish","type":"product","link":"https:\/\/www.ct-chemie.ch\/fr\/produit\/aura-rose-kopie\/","title":{"rendered":"Azett Comfort Clean"},"content":{"rendered":"<p class=\"p1\">Lotion nettoyante douce pour les mains, les cheveux et le corps. Avec des mati\u00e8res premi\u00e8res lavantes et des substances de soin neutres pour la peau. Pour les salissures l\u00e9g\u00e8res dans les bureaux, l\u2018administration et la gastronomie.<\/p>\n<p>Pi\u00e8ce \u00e0: 250 ml Tube<strong><br \/>\n<\/strong>Carton \u00e0: 25 pce<\/p>\n<p>Pi\u00e8ce \u00e0: 1l Flacon DermoMat<strong><br \/>\n<\/strong>Carton \u00e0: 6 pce<\/p>\n","protected":false},"excerpt":{"rendered":"<p>Lotion nettoyante douce pour les mains, les cheveux et le corps<\/p>\n","protected":false},"featured_media":35194,"comment_status":"closed","ping_status":"closed","template":"","meta":{"_acf_changed":false},"product_cat":[1558],"product_tag":[],"class_list":{"0":"post-35178","1":"product","2":"type-product","3":"status-publish","4":"has-post-thumbnail","6":"product_cat-nettoyage-des-mains","8":"first","9":"instock","10":"taxable","11":"shipping-taxable","12":"purchasable","13":"product-type-variable"},"acf":[],"_links":{"self":[{"href":"https:\/\/www.ct-chemie.ch\/fr\/wp-json\/wp\/v2\/product\/35178","targetHints":{"allow":["GET"]}}],"collection":[{"href":"https:\/\/www.ct-chemie.ch\/fr\/wp-json\/wp\/v2\/product"}],"about":[{"href":"https:\/\/www.ct-chemie.ch\/fr\/wp-json\/wp\/v2\/types\/product"}],"replies":[{"embeddable":true,"href":"https:\/\/www.ct-chemie.ch\/fr\/wp-json\/wp\/v2\/comments?post=35178"}],"wp:featuredmedia":[{"embeddable":true,"href":"https:\/\/www.ct-chemie.ch\/fr\/wp-json\/wp\/v2\/media\/35194"}],"wp:attachment":[{"href":"https:\/\/www.ct-chemie.ch\/fr\/wp-json\/wp\/v2\/media?parent=35178"}],"wp:term":[{"taxonomy":"product_cat","embeddable":true,"href":"https:\/\/www.ct-chemie.ch\/fr\/wp-json\/wp\/v2\/product_cat?post=35178"},{"taxonomy":"product_tag","embeddable":true,"href":"https:\/\/www.ct-chemie.ch\/fr\/wp-json\/wp\/v2\/product_tag?post=35178"}],"curies":[{"name":"wp","href":"https:\/\/api.w.org\/{rel}","templated":true}]}}