{"id":35209,"date":"2024-10-08T07:50:24","date_gmt":"2024-10-08T05:50:24","guid":{"rendered":"https:\/\/www.ct-chemie.ch\/?post_type=product&#038;p=35209"},"modified":"2024-11-22T11:44:16","modified_gmt":"2024-11-22T10:44:16","slug":"azett-aura-rose-kopie","status":"publish","type":"product","link":"https:\/\/www.ct-chemie.ch\/fr\/produit\/azett-aura-rose-kopie\/","title":{"rendered":"Azett AURA Foam"},"content":{"rendered":"<p class=\"p1\">Lotion moussante particuli\u00e8rement riche et de qualit\u00e9. Pour les salissures l\u00e9g\u00e8res dans les bureaux, l\u2018administration et la gastronomie. pH neutre pour la peau. Dosage avec distributeur DermoMat.<\/p>\n<p>Pi\u00e8ce \u00e0: 1 l Flacons DermoMat<strong><br \/>\n<\/strong>Carton \u00e0: 6 pce<\/p>\n","protected":false},"excerpt":{"rendered":"<p>Lotion moussante particuli\u00e8rement riche et de qualit\u00e9<\/p>\n","protected":false},"featured_media":35197,"comment_status":"closed","ping_status":"closed","template":"","meta":{"_acf_changed":false},"product_cat":[1558],"product_tag":[],"class_list":{"0":"post-35209","1":"product","2":"type-product","3":"status-publish","4":"has-post-thumbnail","6":"product_cat-nettoyage-des-mains","8":"first","9":"instock","10":"taxable","11":"shipping-taxable","12":"purchasable","13":"product-type-simple"},"acf":[],"_links":{"self":[{"href":"https:\/\/www.ct-chemie.ch\/fr\/wp-json\/wp\/v2\/product\/35209","targetHints":{"allow":["GET"]}}],"collection":[{"href":"https:\/\/www.ct-chemie.ch\/fr\/wp-json\/wp\/v2\/product"}],"about":[{"href":"https:\/\/www.ct-chemie.ch\/fr\/wp-json\/wp\/v2\/types\/product"}],"replies":[{"embeddable":true,"href":"https:\/\/www.ct-chemie.ch\/fr\/wp-json\/wp\/v2\/comments?post=35209"}],"wp:featuredmedia":[{"embeddable":true,"href":"https:\/\/www.ct-chemie.ch\/fr\/wp-json\/wp\/v2\/media\/35197"}],"wp:attachment":[{"href":"https:\/\/www.ct-chemie.ch\/fr\/wp-json\/wp\/v2\/media?parent=35209"}],"wp:term":[{"taxonomy":"product_cat","embeddable":true,"href":"https:\/\/www.ct-chemie.ch\/fr\/wp-json\/wp\/v2\/product_cat?post=35209"},{"taxonomy":"product_tag","embeddable":true,"href":"https:\/\/www.ct-chemie.ch\/fr\/wp-json\/wp\/v2\/product_tag?post=35209"}],"curies":[{"name":"wp","href":"https:\/\/api.w.org\/{rel}","templated":true}]}}