{"id":35224,"date":"2024-10-08T08:10:22","date_gmt":"2024-10-08T06:10:22","guid":{"rendered":"https:\/\/www.ct-chemie.ch\/?post_type=product&#038;p=35224"},"modified":"2026-03-30T13:54:30","modified_gmt":"2026-03-30T11:54:30","slug":"azett-aura-foam-kopie","status":"publish","type":"product","link":"https:\/\/www.ct-chemie.ch\/fr\/produit\/azett-aura-foam-kopie\/","title":{"rendered":"Azett Orange Plus"},"content":{"rendered":"<p style=\"font-weight: 400;\">Nettoyant mains sp\u00e9cial fluide contenant des particules abrasives naturelles. Pour les salissures tenaces et extr\u00eamement sales. \u00c9limine sans effort vernis, peintures, r\u00e9sines, adh\u00e9sifs, graphite, mousse PU, etc. Contient des solvants cosm\u00e9tiques et des \u00e9mollients naturels de haute qualit\u00e9.<\/p>\n<p>Pi\u00e8ce \u00e0: 250 ml Tube<strong><br \/>\n<\/strong>Carton \u00e0: 10 pce<\/p>\n","protected":false},"excerpt":{"rendered":"<p>Nettoyant mains sp\u00e9cial fluide contenant des particules abrasives naturelles<\/p>\n","protected":false},"featured_media":35048,"comment_status":"closed","ping_status":"closed","template":"","meta":{"_acf_changed":false},"product_cat":[1558],"product_tag":[],"class_list":{"0":"post-35224","1":"product","2":"type-product","3":"status-publish","4":"has-post-thumbnail","6":"product_cat-nettoyage-des-mains","8":"first","9":"instock","10":"taxable","11":"shipping-taxable","12":"purchasable","13":"product-type-simple"},"acf":[],"_links":{"self":[{"href":"https:\/\/www.ct-chemie.ch\/fr\/wp-json\/wp\/v2\/product\/35224","targetHints":{"allow":["GET"]}}],"collection":[{"href":"https:\/\/www.ct-chemie.ch\/fr\/wp-json\/wp\/v2\/product"}],"about":[{"href":"https:\/\/www.ct-chemie.ch\/fr\/wp-json\/wp\/v2\/types\/product"}],"replies":[{"embeddable":true,"href":"https:\/\/www.ct-chemie.ch\/fr\/wp-json\/wp\/v2\/comments?post=35224"}],"wp:featuredmedia":[{"embeddable":true,"href":"https:\/\/www.ct-chemie.ch\/fr\/wp-json\/wp\/v2\/media\/35048"}],"wp:attachment":[{"href":"https:\/\/www.ct-chemie.ch\/fr\/wp-json\/wp\/v2\/media?parent=35224"}],"wp:term":[{"taxonomy":"product_cat","embeddable":true,"href":"https:\/\/www.ct-chemie.ch\/fr\/wp-json\/wp\/v2\/product_cat?post=35224"},{"taxonomy":"product_tag","embeddable":true,"href":"https:\/\/www.ct-chemie.ch\/fr\/wp-json\/wp\/v2\/product_tag?post=35224"}],"curies":[{"name":"wp","href":"https:\/\/api.w.org\/{rel}","templated":true}]}}