{"id":35245,"date":"2024-10-08T09:30:10","date_gmt":"2024-10-08T07:30:10","guid":{"rendered":"https:\/\/www.ct-chemie.ch\/?post_type=product&#038;p=35245"},"modified":"2025-01-22T07:46:58","modified_gmt":"2025-01-22T06:46:58","slug":"distributeur-kamar-103-kopie","status":"publish","type":"product","link":"https:\/\/www.ct-chemie.ch\/fr\/produit\/distributeur-kamar-103-kopie\/","title":{"rendered":"Distributeur Kamar 104"},"content":{"rendered":"<p>Distributeur robuste avec m\u00e9canisme \u00e0 levier, pour p\u00e2tes lavantes pour les mains tr\u00e8s visqueuses avec corps frottants naturels. Accessoires de montage inclus.<\/p>\n<p>Foule: env. 4 ml<\/p>\n<p>Capacit\u00e9: 2,5 l<\/p>\n<p>Dimensions: 220 x 115 x 115 mm<\/p>\n","protected":false},"excerpt":{"rendered":"<p>Distributeur robuste avec m\u00e9canisme \u00e0 levier<\/p>\n","protected":false},"featured_media":35238,"comment_status":"closed","ping_status":"closed","template":"","meta":{"_acf_changed":false},"product_cat":[179],"product_tag":[],"class_list":{"0":"post-35245","1":"product","2":"type-product","3":"status-publish","4":"has-post-thumbnail","6":"product_cat-systeme-de-dosage","8":"first","9":"instock","10":"taxable","11":"shipping-taxable","12":"purchasable","13":"product-type-simple"},"acf":[],"_links":{"self":[{"href":"https:\/\/www.ct-chemie.ch\/fr\/wp-json\/wp\/v2\/product\/35245","targetHints":{"allow":["GET"]}}],"collection":[{"href":"https:\/\/www.ct-chemie.ch\/fr\/wp-json\/wp\/v2\/product"}],"about":[{"href":"https:\/\/www.ct-chemie.ch\/fr\/wp-json\/wp\/v2\/types\/product"}],"replies":[{"embeddable":true,"href":"https:\/\/www.ct-chemie.ch\/fr\/wp-json\/wp\/v2\/comments?post=35245"}],"wp:featuredmedia":[{"embeddable":true,"href":"https:\/\/www.ct-chemie.ch\/fr\/wp-json\/wp\/v2\/media\/35238"}],"wp:attachment":[{"href":"https:\/\/www.ct-chemie.ch\/fr\/wp-json\/wp\/v2\/media?parent=35245"}],"wp:term":[{"taxonomy":"product_cat","embeddable":true,"href":"https:\/\/www.ct-chemie.ch\/fr\/wp-json\/wp\/v2\/product_cat?post=35245"},{"taxonomy":"product_tag","embeddable":true,"href":"https:\/\/www.ct-chemie.ch\/fr\/wp-json\/wp\/v2\/product_tag?post=35245"}],"curies":[{"name":"wp","href":"https:\/\/api.w.org\/{rel}","templated":true}]}}