{"id":35254,"date":"2024-10-08T11:17:23","date_gmt":"2024-10-08T09:17:23","guid":{"rendered":"https:\/\/www.ct-chemie.ch\/?post_type=product&#038;p=35254"},"modified":"2024-10-08T11:25:21","modified_gmt":"2024-10-08T09:25:21","slug":"pad-a-fibres-naturelles-kopie","status":"publish","type":"product","link":"https:\/\/www.ct-chemie.ch\/fr\/produit\/pad-a-fibres-naturelles-kopie\/","title":{"rendered":"Pad m\u00e9lamine Clear"},"content":{"rendered":"<p>\u00c9limine les traces de chaussures, les traces du pneu de voiture, salissures tenaces etc. dans les zones \u00e0 fort trafic avec peu d\u2019effort. Il est particuli\u00e8rement adapt\u00e9 pour une utilisation sur des surfaces microporeuses telles que le gr\u00e8s c\u00e9rame, le terrazzo, le b\u00e9ton dur, les rev\u00eatements \u00e0 2 composants, PVC non trait\u00e9s ou linol\u00e9um.<\/p>\n<p>Conditionnement:\u00a017&Prime; \/ \u00d8 423 mm. Carton \u00e0: 5 pce<\/p>\n<p><strong>sur commande (d\u00e9lais de livraison sur demande)<\/strong><\/p>\n","protected":false},"excerpt":{"rendered":"<p>\u00c9limine les traces de chaussures, les traces du pneu de voiture, salissures tenaces etc.<\/p>\n","protected":false},"featured_media":35249,"comment_status":"closed","ping_status":"closed","template":"","meta":{"_acf_changed":false},"product_cat":[173],"product_tag":[],"class_list":{"0":"post-35254","1":"product","2":"type-product","3":"status-publish","4":"has-post-thumbnail","6":"product_cat-accessoires-utensils-fr","8":"first","9":"instock","10":"taxable","11":"shipping-taxable","12":"purchasable","13":"product-type-simple"},"acf":[],"_links":{"self":[{"href":"https:\/\/www.ct-chemie.ch\/fr\/wp-json\/wp\/v2\/product\/35254","targetHints":{"allow":["GET"]}}],"collection":[{"href":"https:\/\/www.ct-chemie.ch\/fr\/wp-json\/wp\/v2\/product"}],"about":[{"href":"https:\/\/www.ct-chemie.ch\/fr\/wp-json\/wp\/v2\/types\/product"}],"replies":[{"embeddable":true,"href":"https:\/\/www.ct-chemie.ch\/fr\/wp-json\/wp\/v2\/comments?post=35254"}],"wp:featuredmedia":[{"embeddable":true,"href":"https:\/\/www.ct-chemie.ch\/fr\/wp-json\/wp\/v2\/media\/35249"}],"wp:attachment":[{"href":"https:\/\/www.ct-chemie.ch\/fr\/wp-json\/wp\/v2\/media?parent=35254"}],"wp:term":[{"taxonomy":"product_cat","embeddable":true,"href":"https:\/\/www.ct-chemie.ch\/fr\/wp-json\/wp\/v2\/product_cat?post=35254"},{"taxonomy":"product_tag","embeddable":true,"href":"https:\/\/www.ct-chemie.ch\/fr\/wp-json\/wp\/v2\/product_tag?post=35254"}],"curies":[{"name":"wp","href":"https:\/\/api.w.org\/{rel}","templated":true}]}}